{"id":2124,"date":"2025-08-30T16:19:12","date_gmt":"2025-08-30T14:19:12","guid":{"rendered":"https:\/\/dicarocaprisandals.com\/product\/triangolo\/"},"modified":"2026-05-09T23:11:46","modified_gmt":"2026-05-09T21:11:46","slug":"triangolo","status":"publish","type":"product","link":"https:\/\/dicarocaprisandals.com\/it\/prodotto\/triangolo\/","title":{"rendered":"Triangolo"},"content":{"rendered":"<p>Available in multiple languages<br \/>\nScroll down to find the product description in your preferred language:<br \/>\nEnglish \u2022 Espa\u00f1ol \u2022 Deutsch \u2022 Fran\u00e7ais \u2022 Italiano<\/p>\n<p>English<\/p>\n<p>TRIANGOLO \u2013 Handmade Women&#8217;s Leather Sandal<\/p>\n<p>The TRIANGOLO sandal is a timeless classic of Capri\/Positano style, handcrafted using authentic Caprese techniques. Elegant and versatile, it is designed to provide both style and comfort throughout the summer season.<\/p>\n<p>The certified Tuscan leather sole, hand-stitched, ensures durability and comfort, while the smooth goat leather upper is available in a wide range of colors, with crocodile print options in select colors.<\/p>\n<p>The triangular design of the TRIANGOLO sandal elongates the foot, and the classic buckle-strap closure makes it perfect for both day and evening wear, ideal for seaside locations as well as for city wear.<\/p>\n<p>A Mediterranean-inspired accessory that combines tradition, quality, and true Made in Italy craftsmanship, designed for those who appreciate simplicity and elegance.<\/p>\n<p>Available colors:<\/p>\n<p>Smooth leather: all colors<\/p>\n<p>Crocodile print: brown-leather, red, orange<\/p>\n<p>Technical Data:<\/p>\n<p>Materials:<\/p>\n<p>Upper: smooth goat leather or crocodile print<\/p>\n<p>Sole: certified Tuscan leather, hand-stitched<\/p>\n<p>Closure: buckle strap<\/p>\n<p>Craftsmanship:<\/p>\n<p>Handmade, crafted entirely by hand following traditional Caprese techniques<\/p>\n<p>Closure:<\/p>\n<p>Buckle strap<\/p>\n<p>Design:<\/p>\n<p>Triangular shape that elongates the foot. Elegant and versatile, ideal for both day and evening wear<\/p>\n<p>Available Colors:<\/p>\n<p>Smooth leather: all colors<\/p>\n<p>Crocodile print: brown-leather, red, orange<\/p>\n<p>Espa\u00f1ol<\/p>\n<p>TRIANGOLO \u2013 Sandalia artesanal de mujer en piel<\/p>\n<p>La sandalia TRIANGOLO es un cl\u00e1sico atemporal del estilo Capri\/Positano, elaborada a mano con las aut\u00e9nticas t\u00e9cnicas capresas. Elegante y vers\u00e1til, est\u00e1 dise\u00f1ada para ofrecer estilo y confort durante toda la temporada estival.<\/p>\n<p>La suela de cuero toledano certificado, cosida a mano, asegura durabilidad y comodidad, mientras que la parte superior en cuero de cabrito liso est\u00e1 disponible en una amplia gama de colores, con opciones en estampado de cocodrilo en algunos colores.<\/p>\n<p>El dise\u00f1o triangular de la sandalia TRIANGOLO alarga el pie, y el cierre cl\u00e1sico con hebilla la hace perfecta tanto para el d\u00eda como para la noche, ideal para lugares costeros y tambi\u00e9n para la ciudad.<\/p>\n<p>Un accesorio inspirado en el Mediterr\u00e1neo que combina tradici\u00f3n, calidad y aut\u00e9ntica fabricaci\u00f3n Made in Italy, pensado para quienes aprecian la simplicidad y la elegancia.<\/p>\n<p>Colores disponibles:<\/p>\n<p>Cuero liso: todos los colores<\/p>\n<p>Estampado cocodrilo: marr\u00f3n-cuero, rojo, naranja<\/p>\n<p>Ficha t\u00e9cnica:<\/p>\n<p>Materiales:<\/p>\n<p>Parte superior: cuero de cabrito liso o estampado cocodrilo<\/p>\n<p>Suela: cuero toledano certificado, cosido a mano<\/p>\n<p>Cierre: hebilla<\/p>\n<p>Fabricaci\u00f3n:<\/p>\n<p>Artesanal, elaborada completamente a mano siguiendo las t\u00e9cnicas tradicionales capresas<\/p>\n<p>Cierre:<\/p>\n<p>Hebilla<\/p>\n<p>Dise\u00f1o:<\/p>\n<p>Forma triangular que alarga el pie. Elegante y vers\u00e1til, perfecta tanto para el d\u00eda como para la noche<\/p>\n<p>Colores disponibles:<\/p>\n<p>Cuero liso: todos los colores<\/p>\n<p>Estampado cocodrilo: marr\u00f3n-cuero, rojo, naranja<\/p>\n<p>Deutsch<\/p>\n<p>TRIANGOLO \u2013 Handgefertigte Damenleder-Sandale<\/p>\n<p>Die TRIANGOLO-Sandale ist ein zeitloser Klassiker des Capri\/Positano-Stils, handgefertigt mit den authentischen Caprese-Techniken. Elegant und vielseitig, wurde sie entwickelt, um sowohl Stil als auch Komfort w\u00e4hrend der gesamten Sommersaison zu bieten.<\/p>\n<p>Die zertifizierte toskanische Ledersohle, handgen\u00e4ht, sorgt f\u00fcr Haltbarkeit und Komfort, w\u00e4hrend das glatte Ziegenleder-Obermaterial in einer Vielzahl von Farben erh\u00e4ltlich ist, mit Krokodilpr\u00e4gung in ausgew\u00e4hlten Farben.<\/p>\n<p>Das dreieckige Design der TRIANGOLO-Sandale verl\u00e4ngert den Fu\u00df, und der klassische Schnallenverschluss macht sie sowohl f\u00fcr den Tag als auch f\u00fcr den Abend ideal, perfekt f\u00fcr K\u00fcstenorte sowie f\u00fcr die Stadt.<\/p>\n<p>Ein mediterran inspiriertes Accessoire, das Tradition, Qualit\u00e4t und wahre Made in Italy-Handwerkskunst vereint, entworfen f\u00fcr diejenigen, die Einfachheit und Eleganz sch\u00e4tzen.<\/p>\n<p>Verf\u00fcgbare Farben:<\/p>\n<p>Glattes Leder: alle Farben<\/p>\n<p>Krokodilpr\u00e4gung: braun-Leder, rot, orange<\/p>\n<p>Technische Daten:<\/p>\n<p>Materialien:<\/p>\n<p>Obermaterial: glattes Ziegenleder oder Krokodilpr\u00e4gung<\/p>\n<p>Sohle: zertifiziertes toskanisches Leder, handgen\u00e4ht<\/p>\n<p>Verschluss: Schnallenverschluss<\/p>\n<p>Handwerk:<\/p>\n<p>Handgefertigt, vollst\u00e4ndig von Hand nach traditionellen Caprese-Techniken gefertigt<\/p>\n<p>Verschluss:<\/p>\n<p>Schnallenverschluss<\/p>\n<p>Design:<\/p>\n<p>Dreieckige Form, die den Fu\u00df verl\u00e4ngert. Elegant und vielseitig, ideal f\u00fcr den Tag und den Abend<\/p>\n<p>Verf\u00fcgbare Farben:<\/p>\n<p>Glattes Leder: alle Farben<\/p>\n<p>Krokodilpr\u00e4gung: braun-Leder, rot, orange<\/p>\n<p>Fran\u00e7ais<\/p>\n<p>TRIANGOLO \u2013 Sandale artisanale pour femme en cuir<\/p>\n<p>La sandale TRIANGOLO est un classique intemporel du style Capri\/Positano, fabriqu\u00e9e \u00e0 la main selon les techniques artisanales capraises. \u00c9l\u00e9gante et polyvalente, elle est con\u00e7ue pour allier style et confort pendant toute la saison estivale.<\/p>\n<p>La semelle en cuir toscan certifi\u00e9, cousue \u00e0 la main, assure durabilit\u00e9 et confort, tandis que le dessus en cuir de chevreau lisse est propos\u00e9 dans une large gamme de couleurs, avec des options en imprim\u00e9 crocodile dans certaines couleurs.<\/p>\n<p>Le design triangulaire de la sandale TRIANGOLO allonge le pied, et la fermeture classique \u00e0 boucle la rend parfaite aussi bien pour le jour que pour la nuit, id\u00e9ale pour les lieux c\u00f4tiers ainsi que pour la ville.<\/p>\n<p>Un accessoire inspir\u00e9 de la M\u00e9diterran\u00e9e qui allie tradition, qualit\u00e9 et v\u00e9ritable savoir-faire Made in Italy, pens\u00e9 pour ceux qui appr\u00e9cient la simplicit\u00e9 et l\u2019\u00e9l\u00e9gance.<\/p>\n<p>Couleurs disponibles :<\/p>\n<p>Cuir lisse : toutes les couleurs<\/p>\n<p>Imprim\u00e9 crocodile : marron-cuir, rouge, orange<\/p>\n<p>Fiche technique :<\/p>\n<p>Mat\u00e9riaux :<\/p>\n<p>Dessus : cuir de chevreau lisse ou imprim\u00e9 crocodile<\/p>\n<p>Semelle : cuir toscan certifi\u00e9, cousu \u00e0 la main<\/p>\n<p>Fermeture : boucle<\/p>\n<p>Fabrication :<\/p>\n<p>Artisanale, fabriqu\u00e9 enti\u00e8rement \u00e0 la main selon les techniques capraises traditionnelles<\/p>\n<p>Fermeture :<\/p>\n<p>Boucle<\/p>\n<p>Design :<\/p>\n<p>Forme triangulaire qui allonge le pied. \u00c9l\u00e9gante et polyvalente, parfaite pour le jour et la nuit<\/p>\n<p>Couleurs disponibles :<\/p>\n<p>Cuir lisse : toutes les couleurs<\/p>\n<p>Imprim\u00e9 crocodile : marron-cuir, rouge, orange<\/p>\n<p>Italiano<\/p>\n<p>TRIANGOLO \u2013 Sandalo artigianale da donna in pelle<\/p>\n<p>Il sandalo TRIANGOLO \u00e8 un classico intramontabile dello stile Capri\/Positano, realizzato interamente a mano secondo le autentiche tecniche capresi. Elegante e versatile, \u00e8 pensato per accompagnarti con stile e comfort durante tutta la stagione estiva.<\/p>\n<p>La suola in cuoio toscano certificato, cucita a mano, garantisce resistenza e comodit\u00e0, mentre la tomaia in pelle di capretto liscia \u00e8 disponibile in un&#8217;ampia gamma di colori, con opzioni in stampa coccodrillo in alcuni colori.<\/p>\n<p>Il design triangolare del sandalo TRIANGOLO slancia il piede, mentre il classico cinturino con fibbia lo rende perfetto per il giorno e per la sera, ideale sia per le localit\u00e0 di mare che per la citt\u00e0.<\/p>\n<p>Un accessorio dal fascino mediterraneo che unisce tradizione, qualit\u00e0 e la vera eccellenza Made in Italy, pensato per chi ama distinguersi con semplicit\u00e0 ed eleganza.<\/p>\n<p>Colori disponibili:<\/p>\n<p>Pelle liscia: tutti i colori<\/p>\n<p>Stampa coccodrillo: marrone-cuoio, rosso, arancio<\/p>","protected":false},"excerpt":{"rendered":"<p>Available in multiple languages Scroll down to find the product description in your preferred language: English \u2022 Espa\u00f1ol \u2022 Deutsch [&hellip;]<\/p>\n","protected":false},"featured_media":2338,"comment_status":"open","ping_status":"closed","template":"","meta":{"inline_featured_image":false,"site-sidebar-layout":"default","site-content-layout":"","ast-site-content-layout":"default","site-content-style":"default","site-sidebar-style":"default","ast-global-header-display":"","ast-banner-title-visibility":"","ast-main-header-display":"","ast-hfb-above-header-display":"","ast-hfb-below-header-display":"","ast-hfb-mobile-header-display":"","site-post-title":"","ast-breadcrumbs-content":"","ast-featured-img":"","footer-sml-layout":"","ast-disable-related-posts":"","theme-transparent-header-meta":"default","adv-header-id-meta":"","stick-header-meta":"","header-above-stick-meta":"","header-main-stick-meta":"","header-below-stick-meta":"","astra-migrate-meta-layouts":"set","ast-page-background-enabled":"default","ast-page-background-meta":{"desktop":{"background-color":"var(--ast-global-color-4)","background-image":"","background-repeat":"repeat","background-position":"center center","background-size":"auto","background-attachment":"scroll","background-type":"","background-media":"","overlay-type":"","overlay-color":"","overlay-opacity":"","overlay-gradient":""},"tablet":{"background-color":"","background-image":"","background-repeat":"repeat","background-position":"center center","background-size":"auto","background-attachment":"scroll","background-type":"","background-media":"","overlay-type":"","overlay-color":"","overlay-opacity":"","overlay-gradient":""},"mobile":{"background-color":"","background-image":"","background-repeat":"repeat","background-position":"center center","background-size":"auto","background-attachment":"scroll","background-type":"","background-media":"","overlay-type":"","overlay-color":"","overlay-opacity":"","overlay-gradient":""}},"ast-content-background-meta":{"desktop":{"background-color":"var(--ast-global-color-5)","background-image":"","background-repeat":"repeat","background-position":"center center","background-size":"auto","background-attachment":"scroll","background-type":"","background-media":"","overlay-type":"","overlay-color":"","overlay-opacity":"","overlay-gradient":""},"tablet":{"background-color":"var(--ast-global-color-5)","background-image":"","background-repeat":"repeat","background-position":"center center","background-size":"auto","background-attachment":"scroll","background-type":"","background-media":"","overlay-type":"","overlay-color":"","overlay-opacity":"","overlay-gradient":""},"mobile":{"background-color":"var(--ast-global-color-5)","background-image":"","background-repeat":"repeat","background-position":"center center","background-size":"auto","background-attachment":"scroll","background-type":"","background-media":"","overlay-type":"","overlay-color":"","overlay-opacity":"","overlay-gradient":""}},"_joinchat":[]},"product_brand":[],"product_cat":[100,111],"product_tag":[95],"class_list":{"0":"post-2124","1":"product","2":"type-product","3":"status-publish","4":"has-post-thumbnail","6":"product_cat-6272-infradito","7":"product_cat-6603-minorista","8":"product_tag-di-caro-capri-sandals","9":"desktop-align-left","10":"tablet-align-left","11":"mobile-align-left","13":"first","14":"instock","15":"taxable","16":"shipping-taxable","17":"purchasable","18":"product-type-simple"},"_links":{"self":[{"href":"https:\/\/dicarocaprisandals.com\/it\/wp-json\/wp\/v2\/product\/2124","targetHints":{"allow":["GET"]}}],"collection":[{"href":"https:\/\/dicarocaprisandals.com\/it\/wp-json\/wp\/v2\/product"}],"about":[{"href":"https:\/\/dicarocaprisandals.com\/it\/wp-json\/wp\/v2\/types\/product"}],"replies":[{"embeddable":true,"href":"https:\/\/dicarocaprisandals.com\/it\/wp-json\/wp\/v2\/comments?post=2124"}],"wp:featuredmedia":[{"embeddable":true,"href":"https:\/\/dicarocaprisandals.com\/it\/wp-json\/wp\/v2\/media\/2338"}],"wp:attachment":[{"href":"https:\/\/dicarocaprisandals.com\/it\/wp-json\/wp\/v2\/media?parent=2124"}],"wp:term":[{"taxonomy":"product_brand","embeddable":true,"href":"https:\/\/dicarocaprisandals.com\/it\/wp-json\/wp\/v2\/product_brand?post=2124"},{"taxonomy":"product_cat","embeddable":true,"href":"https:\/\/dicarocaprisandals.com\/it\/wp-json\/wp\/v2\/product_cat?post=2124"},{"taxonomy":"product_tag","embeddable":true,"href":"https:\/\/dicarocaprisandals.com\/it\/wp-json\/wp\/v2\/product_tag?post=2124"}],"curies":[{"name":"wp","href":"https:\/\/api.w.org\/{rel}","templated":true}]}}