{"id":966,"date":"2025-07-28T18:27:00","date_gmt":"2025-07-28T16:27:00","guid":{"rendered":"https:\/\/dicarocaprisandals.com\/?page_id=966"},"modified":"2026-02-26T12:12:44","modified_gmt":"2026-02-26T11:12:44","slug":"nuestra-historia","status":"publish","type":"page","link":"https:\/\/dicarocaprisandals.com\/it\/nuestra-historia\/","title":{"rendered":"Craftsman"},"content":{"rendered":"<div data-elementor-type=\"wp-page\" data-elementor-id=\"966\" class=\"elementor elementor-966\" data-elementor-settings=\"{&quot;ha_cmc_init_switcher&quot;:&quot;no&quot;}\" data-elementor-post-type=\"page\">\n\t\t\t\t<div class=\"elementor-element elementor-element-f109ecd e-flex e-con-boxed e-con e-parent\" data-id=\"f109ecd\" data-element_type=\"container\" data-e-type=\"container\" data-settings=\"{&quot;_ha_eqh_enable&quot;:false}\">\n\t\t\t\t\t<div class=\"e-con-inner\">\n\t\t<div class=\"elementor-element elementor-element-97baf85 e-con-full e-flex e-con e-child\" data-id=\"97baf85\" data-element_type=\"container\" data-e-type=\"container\" data-settings=\"{&quot;_ha_eqh_enable&quot;:false}\">\n\t\t\t\t<div class=\"elementor-element elementor-element-42a00da elementor-widget elementor-widget-image\" data-id=\"42a00da\" data-element_type=\"widget\" data-e-type=\"widget\" data-widget_type=\"image.default\">\n\t\t\t\t<div class=\"elementor-widget-container\">\n\t\t\t\t\t\t\t\t\t\t\t\t\t\t\t<img fetchpriority=\"high\" decoding=\"async\" width=\"768\" height=\"1024\" src=\"https:\/\/dicarocaprisandals.com\/wp-content\/uploads\/2025\/07\/Luigi-1-768x1024.webp\" class=\"attachment-large size-large wp-image-1048\" alt=\"\" srcset=\"https:\/\/dicarocaprisandals.com\/wp-content\/uploads\/2025\/07\/Luigi-1-768x1024.webp 768w, https:\/\/dicarocaprisandals.com\/wp-content\/uploads\/2025\/07\/Luigi-1-600x800.webp 600w, https:\/\/dicarocaprisandals.com\/wp-content\/uploads\/2025\/07\/Luigi-1-64x85.webp 64w, https:\/\/dicarocaprisandals.com\/wp-content\/uploads\/2025\/07\/Luigi-1-225x300.webp 225w, https:\/\/dicarocaprisandals.com\/wp-content\/uploads\/2025\/07\/Luigi-1.webp 960w\" sizes=\"(max-width: 768px) 100vw, 768px\" \/>\t\t\t\t\t\t\t\t\t\t\t\t\t\t\t<\/div>\n\t\t\t\t<\/div>\n\t\t\t\t<div class=\"elementor-element elementor-element-f70f689 elementor-widget elementor-widget-image\" data-id=\"f70f689\" data-element_type=\"widget\" data-e-type=\"widget\" data-widget_type=\"image.default\">\n\t\t\t\t<div class=\"elementor-widget-container\">\n\t\t\t\t\t\t\t\t\t\t\t\t\t\t\t<img decoding=\"async\" width=\"759\" height=\"1024\" src=\"https:\/\/dicarocaprisandals.com\/wp-content\/uploads\/2025\/07\/enhanced_ChatGPT-Image-28-jul-2025-11_24_09-759x1024.webp\" class=\"attachment-large size-large wp-image-578\" alt=\"\" srcset=\"https:\/\/dicarocaprisandals.com\/wp-content\/uploads\/2025\/07\/enhanced_ChatGPT-Image-28-jul-2025-11_24_09-759x1024.webp 759w, https:\/\/dicarocaprisandals.com\/wp-content\/uploads\/2025\/07\/enhanced_ChatGPT-Image-28-jul-2025-11_24_09-600x810.webp 600w, https:\/\/dicarocaprisandals.com\/wp-content\/uploads\/2025\/07\/enhanced_ChatGPT-Image-28-jul-2025-11_24_09-64x86.webp 64w, https:\/\/dicarocaprisandals.com\/wp-content\/uploads\/2025\/07\/enhanced_ChatGPT-Image-28-jul-2025-11_24_09-222x300.webp 222w, https:\/\/dicarocaprisandals.com\/wp-content\/uploads\/2025\/07\/enhanced_ChatGPT-Image-28-jul-2025-11_24_09-768x1037.webp 768w, https:\/\/dicarocaprisandals.com\/wp-content\/uploads\/2025\/07\/enhanced_ChatGPT-Image-28-jul-2025-11_24_09.webp 1000w\" sizes=\"(max-width: 759px) 100vw, 759px\" \/>\t\t\t\t\t\t\t\t\t\t\t\t\t\t\t<\/div>\n\t\t\t\t<\/div>\n\t\t\t\t<\/div>\n\t\t<div class=\"elementor-element elementor-element-f254b72 e-con-full e-flex e-con e-child\" data-id=\"f254b72\" data-element_type=\"container\" data-e-type=\"container\" data-settings=\"{&quot;_ha_eqh_enable&quot;:false}\">\n\t\t\t\t<div class=\"elementor-element elementor-element-31f998a elementor-widget elementor-widget-heading\" data-id=\"31f998a\" data-element_type=\"widget\" data-e-type=\"widget\" data-widget_type=\"heading.default\">\n\t\t\t\t<div class=\"elementor-widget-container\">\n\t\t\t\t\t<h1 class=\"elementor-heading-title elementor-size-default\">Luigi Di Caro: l\u2019evoluzione di un maestro artigiano<\/h1>\t\t\t\t<\/div>\n\t\t\t\t<\/div>\n\t\t\t\t<div class=\"elementor-element elementor-element-3251e3a elementor-widget elementor-widget-heading\" data-id=\"3251e3a\" data-element_type=\"widget\" data-e-type=\"widget\" data-widget_type=\"heading.default\">\n\t\t\t\t<div class=\"elementor-widget-container\">\n\t\t\t\t\t<h3 class=\"elementor-heading-title elementor-size-default\">Radici e apprendimento (2000 - 2003)<\/h3>\t\t\t\t<\/div>\n\t\t\t\t<\/div>\n\t\t\t\t<div class=\"elementor-element elementor-element-20cc76f elementor-widget elementor-widget-text-editor\" data-id=\"20cc76f\" data-element_type=\"widget\" data-e-type=\"widget\" data-widget_type=\"text-editor.default\">\n\t\t\t\t<div class=\"elementor-widget-container\">\n\t\t\t\t\t\t\t\t\t<p>Il percorso di Luigi Di Caro nel mondo dei sandali d\u2019eccellenza inizi\u00f2 nel 2000, attraverso una completa immersione nell\u2019artigianato tradizionale. La sua formazione avvenne direttamente presso la storica fabbrica della famiglia Ferrara (Luna Mulier), custode del sapere artigianale di un tempo. In questo ambiente, Luigi impar\u00f2 l\u2019arte della costruzione completa: dalla preparazione della suola alla realizzazione manuale delle tomaie, fino all\u2019applicazione delle decorazioni con strass. Fu un apprendistato basato sulla ricerca della perfezione e sulla totale autonomia produttiva.<\/p>\t\t\t\t\t\t\t\t<\/div>\n\t\t\t\t<\/div>\n\t\t\t\t<div class=\"elementor-element elementor-element-aaf2c24 elementor-widget elementor-widget-heading\" data-id=\"aaf2c24\" data-element_type=\"widget\" data-e-type=\"widget\" data-widget_type=\"heading.default\">\n\t\t\t\t<div class=\"elementor-widget-container\">\n\t\t\t\t\t<h3 class=\"elementor-heading-title elementor-size-default\">Insediamento a Taormina (2002 - 2017)<\/h3>\t\t\t\t<\/div>\n\t\t\t\t<\/div>\n\t\t\t\t<div class=\"elementor-element elementor-element-0e93e6d elementor-widget elementor-widget-text-editor\" data-id=\"0e93e6d\" data-element_type=\"widget\" data-e-type=\"widget\" data-widget_type=\"text-editor.default\">\n\t\t\t\t<div class=\"elementor-widget-container\">\n\t\t\t\t\t\t\t\t\t<p>Dopo il debutto nel 2002 con la creazione di sandali su misura realizzati \u201cdal vivo\u201d, Luigi Di Caro apr\u00ec nel 2003 \u201cLa Bottega del Sandalo\u201d, il primo spazio in Sicilia dedicato esclusivamente all\u2019artigianato in stile caprese. Il successo immediato consolid\u00f2 il marchio e port\u00f2 all\u2019apertura di una seconda prestigiosa boutique in Vico Zecca, nel cuore di Taormina. Durante questo periodo, la produzione raggiunse il massimo livello di personalizzazione: Luigi progett\u00f2 e applic\u00f2 a mano decorazioni gioiello uniche, trasformando ogni sandalo in un\u2019opera d\u2019arte esclusiva.<\/p>\t\t\t\t\t\t\t\t<\/div>\n\t\t\t\t<\/div>\n\t\t\t\t<div class=\"elementor-element elementor-element-97d822e elementor-widget elementor-widget-heading\" data-id=\"97d822e\" data-element_type=\"widget\" data-e-type=\"widget\" data-widget_type=\"heading.default\">\n\t\t\t\t<div class=\"elementor-widget-container\">\n\t\t\t\t\t<h3 class=\"elementor-heading-title elementor-size-default\">Specializzazione tecnica e di modellistica<\/h3>\t\t\t\t<\/div>\n\t\t\t\t<\/div>\n\t\t\t\t<div class=\"elementor-element elementor-element-fc2dabd elementor-widget elementor-widget-text-editor\" data-id=\"fc2dabd\" data-element_type=\"widget\" data-e-type=\"widget\" data-widget_type=\"text-editor.default\">\n\t\t\t\t<div class=\"elementor-widget-container\">\n\t\t\t\t\t\t\t\t\t<p>Per valorizzare ulteriormente le sue creazioni, Luigi Di Caro ha affiancato alla sua esperienza pratica una rigorosa formazione accademica. Si \u00e8 diplomato come modellista di calzature presso l\u2019Accademia della Moda di Napoli, sotto la guida del Maestro Giovanni Rodia. Questa specializzazione ha portato al suo lavoro un approccio tecnico-professionale, unendo visione creativa e precisione modellistica all\u2019avanguardia, eliminando ogni limite costruttivo.<\/p>\t\t\t\t\t\t\t\t<\/div>\n\t\t\t\t<\/div>\n\t\t\t\t<div class=\"elementor-element elementor-element-c6dd10e elementor-widget elementor-widget-heading\" data-id=\"c6dd10e\" data-element_type=\"widget\" data-e-type=\"widget\" data-widget_type=\"heading.default\">\n\t\t\t\t<div class=\"elementor-widget-container\">\n\t\t\t\t\t<h3 class=\"elementor-heading-title elementor-size-default\">Esperienze d\u2019\u00e9lite e collaborazioni esterne<\/h3>\t\t\t\t<\/div>\n\t\t\t\t<\/div>\n\t\t\t\t<div class=\"elementor-element elementor-element-668f7c9 elementor-widget elementor-widget-text-editor\" data-id=\"668f7c9\" data-element_type=\"widget\" data-e-type=\"widget\" data-widget_type=\"text-editor.default\">\n\t\t\t\t<div class=\"elementor-widget-container\">\n\t\t\t\t\t\t\t\t\t<p>La sua maestria consolidata lo ha portato a collaborare con prestigiose aziende in alcune delle localit\u00e0 pi\u00f9 iconiche del Mediterraneo:<\/p><ul><li>Capri (2019): Nella boutique \u201cFiore Capri\u201d, lavorando nel cuore stesso della tradizione.<\/li><li>Santa Margherita Ligure (2021-2024): Collaborazione pluriennale con \u201cIl Sandalo Caprese\u201d, portando la sua esperienza nelle sedi di Ortigia e Alghero.<\/li><\/ul>\t\t\t\t\t\t\t\t<\/div>\n\t\t\t\t<\/div>\n\t\t\t\t<div class=\"elementor-element elementor-element-b4677d2 elementor-widget elementor-widget-heading\" data-id=\"b4677d2\" data-element_type=\"widget\" data-e-type=\"widget\" data-widget_type=\"heading.default\">\n\t\t\t\t<div class=\"elementor-widget-container\">\n\t\t\t\t\t<h3 class=\"elementor-heading-title elementor-size-default\">La nuova visione: Di Caro Capri Sandals<\/h3>\t\t\t\t<\/div>\n\t\t\t\t<\/div>\n\t\t\t\t<div class=\"elementor-element elementor-element-6504b5f elementor-widget elementor-widget-text-editor\" data-id=\"6504b5f\" data-element_type=\"widget\" data-e-type=\"widget\" data-widget_type=\"text-editor.default\">\n\t\t\t\t<div class=\"elementor-widget-container\">\n\t\t\t\t\t\t\t\t\t<p>Spinto da una natura profondamente creativa, Luigi Di Caro proietta oggi la sua arte verso nuovi orizzonti europei. Il progetto Di Caro Capri Sandals rappresenta il culmine di venticinque anni di esperienza: una fusione tra l\u2019alta scuola napoletana della modellistica e la purezza del \u201cfatto a mano\u201d. Oggi il marchio si posiziona come ambasciatore dell\u2019alta artigianalit\u00e0 italiana, offrendo un prodotto autenticamente d\u2019\u00e9lite per un pubblico internazionale raffinato.<\/p>\t\t\t\t\t\t\t\t<\/div>\n\t\t\t\t<\/div>\n\t\t\t\t<\/div>\n\t\t\t\t\t<\/div>\n\t\t\t\t<\/div>\n\t\t<div class=\"elementor-element elementor-element-8c3b0e0 e-flex e-con-boxed e-con e-parent\" data-id=\"8c3b0e0\" data-element_type=\"container\" data-e-type=\"container\" data-settings=\"{&quot;_ha_eqh_enable&quot;:false}\">\n\t\t\t\t\t<div class=\"e-con-inner\">\n\t\t<div class=\"elementor-element elementor-element-fa0ac03 e-con-full e-flex e-con e-child\" data-id=\"fa0ac03\" data-element_type=\"container\" data-e-type=\"container\" data-settings=\"{&quot;_ha_eqh_enable&quot;:false}\">\n\t\t\t\t<div class=\"elementor-element elementor-element-4a49bf5 elementor-widget elementor-widget-video\" data-id=\"4a49bf5\" data-element_type=\"widget\" data-e-type=\"widget\" data-settings=\"{&quot;video_type&quot;:&quot;hosted&quot;,&quot;autoplay&quot;:&quot;yes&quot;,&quot;mute&quot;:&quot;yes&quot;,&quot;loop&quot;:&quot;yes&quot;}\" data-widget_type=\"video.default\">\n\t\t\t\t<div class=\"elementor-widget-container\">\n\t\t\t\t\t\t\t<div class=\"e-hosted-video elementor-wrapper elementor-open-inline\">\n\t\t\t\t\t<video class=\"elementor-video\" src=\"https:\/\/dicarocaprisandals.com\/wp-content\/uploads\/2025\/07\/\ud83d\udc63-Pasea-descubre-elige\u2026-y-llevate-una-pieza-unica-hecha-a-mano.-En-el-Market-de-Artesania-del.mp4\" autoplay=\"\" loop=\"\" muted=\"muted\" controlslist=\"nodownload\"><\/video>\n\t\t\t\t<\/div>\n\t\t\t\t\t\t<\/div>\n\t\t\t\t<\/div>\n\t\t\t\t<\/div>\n\t\t<div class=\"elementor-element elementor-element-9e30fbd e-con-full e-flex e-con e-child\" data-id=\"9e30fbd\" data-element_type=\"container\" data-e-type=\"container\" data-settings=\"{&quot;_ha_eqh_enable&quot;:false}\">\n\t\t\t\t<div class=\"elementor-element elementor-element-f9a3fca elementor-widget elementor-widget-heading\" data-id=\"f9a3fca\" data-element_type=\"widget\" data-e-type=\"widget\" data-widget_type=\"heading.default\">\n\t\t\t\t<div class=\"elementor-widget-container\">\n\t\t\t\t\t<h2 class=\"elementor-heading-title elementor-size-default\">Pi\u00f9 di un sandalo<\/h2>\t\t\t\t<\/div>\n\t\t\t\t<\/div>\n\t\t\t\t<div class=\"elementor-element elementor-element-74775ae elementor-widget elementor-widget-text-editor\" data-id=\"74775ae\" data-element_type=\"widget\" data-e-type=\"widget\" data-widget_type=\"text-editor.default\">\n\t\t\t\t<div class=\"elementor-widget-container\">\n\t\t\t\t\t\t\t\t\t<p data-start=\"0\" data-end=\"189\">Per Luigi, ogni paio \u00e8 molto pi\u00f9 di un semplice prodotto. \u00c8 il risultato di anni di artigianato, di mani che lavorano con pazienza e di una storia che \u00e8 iniziata a Capri e vive in ogni dettaglio.<\/p><p data-start=\"191\" data-end=\"368\">Non \u00e8 solo una calzatura \u2014 \u00e8 identit\u00e0, stile e qualcosa realizzato appositamente per te. Ogni sandalo \u00e8 progettato per adattarsi al tuo piede, al tuo passo e al tuo modo di vivere l\u2019estate.<\/p><p data-start=\"370\" data-end=\"545\" data-is-last-node=\"\" data-is-only-node=\"\">Creare sandali \u00e8 il suo modo di condividere una passione che va oltre la moda. \u00c8 un modo per mantenere viva una tradizione e offrire qualcosa di autentico in un mondo di produzione di massa.\n\nSelect 65 more words to run Humanizer.<\/p>\t\t\t\t\t\t\t\t<\/div>\n\t\t\t\t<\/div>\n\t\t\t\t<\/div>\n\t\t\t\t\t<\/div>\n\t\t\t\t<\/div>\n\t\t\t\t<\/div>","protected":false},"excerpt":{"rendered":"<p>Luigi Di Caro: The Evolution of a Master Craftsman Roots and Learning (2000 &#8211; 2003) Luigi Di Caro\u2019s journey into [&hellip;]<\/p>\n","protected":false},"author":1,"featured_media":0,"parent":0,"menu_order":0,"comment_status":"closed","ping_status":"closed","template":"","meta":{"inline_featured_image":false,"site-sidebar-layout":"no-sidebar","site-content-layout":"","ast-site-content-layout":"full-width-container","site-content-style":"default","site-sidebar-style":"default","ast-global-header-display":"","ast-banner-title-visibility":"","ast-main-header-display":"","ast-hfb-above-header-display":"","ast-hfb-below-header-display":"","ast-hfb-mobile-header-display":"","site-post-title":"disabled","ast-breadcrumbs-content":"","ast-featured-img":"disabled","footer-sml-layout":"","ast-disable-related-posts":"","theme-transparent-header-meta":"","adv-header-id-meta":"","stick-header-meta":"","header-above-stick-meta":"","header-main-stick-meta":"","header-below-stick-meta":"","astra-migrate-meta-layouts":"default","ast-page-background-enabled":"default","ast-page-background-meta":{"desktop":{"background-color":"var(--ast-global-color-4)","background-image":"","background-repeat":"repeat","background-position":"center center","background-size":"auto","background-attachment":"scroll","background-type":"","background-media":"","overlay-type":"","overlay-color":"","overlay-opacity":"","overlay-gradient":""},"tablet":{"background-color":"","background-image":"","background-repeat":"repeat","background-position":"center center","background-size":"auto","background-attachment":"scroll","background-type":"","background-media":"","overlay-type":"","overlay-color":"","overlay-opacity":"","overlay-gradient":""},"mobile":{"background-color":"","background-image":"","background-repeat":"repeat","background-position":"center center","background-size":"auto","background-attachment":"scroll","background-type":"","background-media":"","overlay-type":"","overlay-color":"","overlay-opacity":"","overlay-gradient":""}},"ast-content-background-meta":{"desktop":{"background-color":"var(--ast-global-color-5)","background-image":"","background-repeat":"repeat","background-position":"center center","background-size":"auto","background-attachment":"scroll","background-type":"","background-media":"","overlay-type":"","overlay-color":"","overlay-opacity":"","overlay-gradient":""},"tablet":{"background-color":"var(--ast-global-color-5)","background-image":"","background-repeat":"repeat","background-position":"center center","background-size":"auto","background-attachment":"scroll","background-type":"","background-media":"","overlay-type":"","overlay-color":"","overlay-opacity":"","overlay-gradient":""},"mobile":{"background-color":"var(--ast-global-color-5)","background-image":"","background-repeat":"repeat","background-position":"center center","background-size":"auto","background-attachment":"scroll","background-type":"","background-media":"","overlay-type":"","overlay-color":"","overlay-opacity":"","overlay-gradient":""}},"_joinchat":[],"footnotes":""},"class_list":["post-966","page","type-page","status-publish","hentry"],"_links":{"self":[{"href":"https:\/\/dicarocaprisandals.com\/it\/wp-json\/wp\/v2\/pages\/966","targetHints":{"allow":["GET"]}}],"collection":[{"href":"https:\/\/dicarocaprisandals.com\/it\/wp-json\/wp\/v2\/pages"}],"about":[{"href":"https:\/\/dicarocaprisandals.com\/it\/wp-json\/wp\/v2\/types\/page"}],"author":[{"embeddable":true,"href":"https:\/\/dicarocaprisandals.com\/it\/wp-json\/wp\/v2\/users\/1"}],"replies":[{"embeddable":true,"href":"https:\/\/dicarocaprisandals.com\/it\/wp-json\/wp\/v2\/comments?post=966"}],"version-history":[{"count":83,"href":"https:\/\/dicarocaprisandals.com\/it\/wp-json\/wp\/v2\/pages\/966\/revisions"}],"predecessor-version":[{"id":3412,"href":"https:\/\/dicarocaprisandals.com\/it\/wp-json\/wp\/v2\/pages\/966\/revisions\/3412"}],"wp:attachment":[{"href":"https:\/\/dicarocaprisandals.com\/it\/wp-json\/wp\/v2\/media?parent=966"}],"curies":[{"name":"wp","href":"https:\/\/api.w.org\/{rel}","templated":true}]}}