{"id":966,"date":"2025-07-28T18:27:00","date_gmt":"2025-07-28T16:27:00","guid":{"rendered":"https:\/\/dicarocaprisandals.com\/?page_id=966"},"modified":"2026-02-26T12:12:44","modified_gmt":"2026-02-26T11:12:44","slug":"nuestra-historia","status":"publish","type":"page","link":"https:\/\/dicarocaprisandals.com\/es\/nuestra-historia\/","title":{"rendered":"Craftsman"},"content":{"rendered":"<div data-elementor-type=\"wp-page\" data-elementor-id=\"966\" class=\"elementor elementor-966\" data-elementor-settings=\"{&quot;ha_cmc_init_switcher&quot;:&quot;no&quot;}\" data-elementor-post-type=\"page\">\n\t\t\t\t<div class=\"elementor-element elementor-element-f109ecd e-flex e-con-boxed e-con e-parent\" data-id=\"f109ecd\" data-element_type=\"container\" data-e-type=\"container\" data-settings=\"{&quot;_ha_eqh_enable&quot;:false}\">\n\t\t\t\t\t<div class=\"e-con-inner\">\n\t\t<div class=\"elementor-element elementor-element-97baf85 e-con-full e-flex e-con e-child\" data-id=\"97baf85\" data-element_type=\"container\" data-e-type=\"container\" data-settings=\"{&quot;_ha_eqh_enable&quot;:false}\">\n\t\t\t\t<div class=\"elementor-element elementor-element-42a00da elementor-widget elementor-widget-image\" data-id=\"42a00da\" data-element_type=\"widget\" data-e-type=\"widget\" data-widget_type=\"image.default\">\n\t\t\t\t<div class=\"elementor-widget-container\">\n\t\t\t\t\t\t\t\t\t\t\t\t\t\t\t<img fetchpriority=\"high\" decoding=\"async\" width=\"768\" height=\"1024\" src=\"https:\/\/dicarocaprisandals.com\/wp-content\/uploads\/2025\/07\/Luigi-1-768x1024.webp\" class=\"attachment-large size-large wp-image-1048\" alt=\"\" srcset=\"https:\/\/dicarocaprisandals.com\/wp-content\/uploads\/2025\/07\/Luigi-1-768x1024.webp 768w, https:\/\/dicarocaprisandals.com\/wp-content\/uploads\/2025\/07\/Luigi-1-600x800.webp 600w, https:\/\/dicarocaprisandals.com\/wp-content\/uploads\/2025\/07\/Luigi-1-64x85.webp 64w, https:\/\/dicarocaprisandals.com\/wp-content\/uploads\/2025\/07\/Luigi-1-225x300.webp 225w, https:\/\/dicarocaprisandals.com\/wp-content\/uploads\/2025\/07\/Luigi-1.webp 960w\" sizes=\"(max-width: 768px) 100vw, 768px\" \/>\t\t\t\t\t\t\t\t\t\t\t\t\t\t\t<\/div>\n\t\t\t\t<\/div>\n\t\t\t\t<div class=\"elementor-element elementor-element-f70f689 elementor-widget elementor-widget-image\" data-id=\"f70f689\" data-element_type=\"widget\" data-e-type=\"widget\" data-widget_type=\"image.default\">\n\t\t\t\t<div class=\"elementor-widget-container\">\n\t\t\t\t\t\t\t\t\t\t\t\t\t\t\t<img decoding=\"async\" width=\"759\" height=\"1024\" src=\"https:\/\/dicarocaprisandals.com\/wp-content\/uploads\/2025\/07\/enhanced_ChatGPT-Image-28-jul-2025-11_24_09-759x1024.webp\" class=\"attachment-large size-large wp-image-578\" alt=\"\" srcset=\"https:\/\/dicarocaprisandals.com\/wp-content\/uploads\/2025\/07\/enhanced_ChatGPT-Image-28-jul-2025-11_24_09-759x1024.webp 759w, https:\/\/dicarocaprisandals.com\/wp-content\/uploads\/2025\/07\/enhanced_ChatGPT-Image-28-jul-2025-11_24_09-600x810.webp 600w, https:\/\/dicarocaprisandals.com\/wp-content\/uploads\/2025\/07\/enhanced_ChatGPT-Image-28-jul-2025-11_24_09-64x86.webp 64w, https:\/\/dicarocaprisandals.com\/wp-content\/uploads\/2025\/07\/enhanced_ChatGPT-Image-28-jul-2025-11_24_09-222x300.webp 222w, https:\/\/dicarocaprisandals.com\/wp-content\/uploads\/2025\/07\/enhanced_ChatGPT-Image-28-jul-2025-11_24_09-768x1037.webp 768w, https:\/\/dicarocaprisandals.com\/wp-content\/uploads\/2025\/07\/enhanced_ChatGPT-Image-28-jul-2025-11_24_09.webp 1000w\" sizes=\"(max-width: 759px) 100vw, 759px\" \/>\t\t\t\t\t\t\t\t\t\t\t\t\t\t\t<\/div>\n\t\t\t\t<\/div>\n\t\t\t\t<\/div>\n\t\t<div class=\"elementor-element elementor-element-f254b72 e-con-full e-flex e-con e-child\" data-id=\"f254b72\" data-element_type=\"container\" data-e-type=\"container\" data-settings=\"{&quot;_ha_eqh_enable&quot;:false}\">\n\t\t\t\t<div class=\"elementor-element elementor-element-31f998a elementor-widget elementor-widget-heading\" data-id=\"31f998a\" data-element_type=\"widget\" data-e-type=\"widget\" data-widget_type=\"heading.default\">\n\t\t\t\t<div class=\"elementor-widget-container\">\n\t\t\t\t\t<h1 class=\"elementor-heading-title elementor-size-default\">Luigi Di Caro: la evoluci\u00f3n de un maestro artesano<\/h1>\t\t\t\t<\/div>\n\t\t\t\t<\/div>\n\t\t\t\t<div class=\"elementor-element elementor-element-3251e3a elementor-widget elementor-widget-heading\" data-id=\"3251e3a\" data-element_type=\"widget\" data-e-type=\"widget\" data-widget_type=\"heading.default\">\n\t\t\t\t<div class=\"elementor-widget-container\">\n\t\t\t\t\t<h3 class=\"elementor-heading-title elementor-size-default\">Or\u00edgenes y aprendizaje (2000 - 2003)<\/h3>\t\t\t\t<\/div>\n\t\t\t\t<\/div>\n\t\t\t\t<div class=\"elementor-element elementor-element-20cc76f elementor-widget elementor-widget-text-editor\" data-id=\"20cc76f\" data-element_type=\"widget\" data-e-type=\"widget\" data-widget_type=\"text-editor.default\">\n\t\t\t\t<div class=\"elementor-widget-container\">\n\t\t\t\t\t\t\t\t\t<p>El viaje de Luigi Di Caro en el mundo de las sandalias excepcionales comenz\u00f3 en el a\u00f1o 2000, mediante una inmersi\u00f3n total en la artesan\u00eda tradicional. Su formaci\u00f3n tuvo lugar directamente en la hist\u00f3rica f\u00e1brica de la familia Ferrara (Luna Mulier), guardiana del saber artesanal de anta\u00f1o. En este entorno, Luigi aprendi\u00f3 el arte de la construcci\u00f3n completa: desde la preparaci\u00f3n de la suela hasta la creaci\u00f3n manual de los empeines, pasando por la colocaci\u00f3n de adornos con pedrer\u00eda. Fue un aprendizaje basado en la b\u00fasqueda de la perfecci\u00f3n y en la autonom\u00eda total de producci\u00f3n.<\/p>\t\t\t\t\t\t\t\t<\/div>\n\t\t\t\t<\/div>\n\t\t\t\t<div class=\"elementor-element elementor-element-aaf2c24 elementor-widget elementor-widget-heading\" data-id=\"aaf2c24\" data-element_type=\"widget\" data-e-type=\"widget\" data-widget_type=\"heading.default\">\n\t\t\t\t<div class=\"elementor-widget-container\">\n\t\t\t\t\t<h3 class=\"elementor-heading-title elementor-size-default\">Establecimiento en Taormina (2002 - 2017)<\/h3>\t\t\t\t<\/div>\n\t\t\t\t<\/div>\n\t\t\t\t<div class=\"elementor-element elementor-element-0e93e6d elementor-widget elementor-widget-text-editor\" data-id=\"0e93e6d\" data-element_type=\"widget\" data-e-type=\"widget\" data-widget_type=\"text-editor.default\">\n\t\t\t\t<div class=\"elementor-widget-container\">\n\t\t\t\t\t\t\t\t\t<p>Tras debutar en 2002 con la creaci\u00f3n de sandalias a medida elaboradas \u201cen directo\u201d, Luigi Di Caro abri\u00f3 en 2003 \u201cLa Bottega del Sandalo\u201d, el primer espacio en Sicilia dedicado exclusivamente a la artesan\u00eda al estilo de Capri. El \u00e9xito inmediato consolid\u00f3 la marca y llev\u00f3 a la apertura de una segunda y prestigiosa boutique en Vico Zecca, en el coraz\u00f3n de Taormina. Durante este periodo, la producci\u00f3n alcanz\u00f3 el m\u00e1ximo nivel de personalizaci\u00f3n: Luigi dise\u00f1\u00f3 y engast\u00f3 a mano adornos \u00fanicos con joyas, transformando cada sandalia en una obra de arte exclusiva.<\/p>\t\t\t\t\t\t\t\t<\/div>\n\t\t\t\t<\/div>\n\t\t\t\t<div class=\"elementor-element elementor-element-97d822e elementor-widget elementor-widget-heading\" data-id=\"97d822e\" data-element_type=\"widget\" data-e-type=\"widget\" data-widget_type=\"heading.default\">\n\t\t\t\t<div class=\"elementor-widget-container\">\n\t\t\t\t\t<h3 class=\"elementor-heading-title elementor-size-default\">Especializaci\u00f3n t\u00e9cnica y de patronaje<\/h3>\t\t\t\t<\/div>\n\t\t\t\t<\/div>\n\t\t\t\t<div class=\"elementor-element elementor-element-fc2dabd elementor-widget elementor-widget-text-editor\" data-id=\"fc2dabd\" data-element_type=\"widget\" data-e-type=\"widget\" data-widget_type=\"text-editor.default\">\n\t\t\t\t<div class=\"elementor-widget-container\">\n\t\t\t\t\t\t\t\t\t<p>Para elevar a\u00fan m\u00e1s el valor de sus creaciones, Luigi Di Caro complement\u00f3 su experiencia pr\u00e1ctica con una rigurosa formaci\u00f3n acad\u00e9mica. Se gradu\u00f3 como dise\u00f1ador de patronaje de calzado en la Accademia della Moda de N\u00e1poles, bajo la gu\u00eda del maestro Giovanni Rodia. Esta especializaci\u00f3n aport\u00f3 a su trabajo un enfoque t\u00e9cnico y profesional, combinando visi\u00f3n creativa con una precisi\u00f3n de patronaje de vanguardia, eliminando todos los l\u00edmites de construcci\u00f3n.<\/p>\t\t\t\t\t\t\t\t<\/div>\n\t\t\t\t<\/div>\n\t\t\t\t<div class=\"elementor-element elementor-element-c6dd10e elementor-widget elementor-widget-heading\" data-id=\"c6dd10e\" data-element_type=\"widget\" data-e-type=\"widget\" data-widget_type=\"heading.default\">\n\t\t\t\t<div class=\"elementor-widget-container\">\n\t\t\t\t\t<h3 class=\"elementor-heading-title elementor-size-default\">Experiencias de \u00e9lite y colaboraciones externas<\/h3>\t\t\t\t<\/div>\n\t\t\t\t<\/div>\n\t\t\t\t<div class=\"elementor-element elementor-element-668f7c9 elementor-widget elementor-widget-text-editor\" data-id=\"668f7c9\" data-element_type=\"widget\" data-e-type=\"widget\" data-widget_type=\"text-editor.default\">\n\t\t\t\t<div class=\"elementor-widget-container\">\n\t\t\t\t\t\t\t\t\t<p>Su maestr\u00eda consolidada lo llev\u00f3 a colaborar con prestigiosas empresas en algunos de los lugares m\u00e1s emblem\u00e1ticos del Mediterr\u00e1neo:<\/p><ul><li>Capri (2019): En la boutique \u201cFiore Capri\u201d, trabajando en el coraz\u00f3n mismo de la tradici\u00f3n.<\/li><li>Santa Margherita Ligure (2021-2024): Colaboraci\u00f3n de varios a\u00f1os con \u201cIl Sandalo Caprese\u201d, aportando su experiencia en las sedes de Ortigia y Alghero.<\/li><\/ul>\t\t\t\t\t\t\t\t<\/div>\n\t\t\t\t<\/div>\n\t\t\t\t<div class=\"elementor-element elementor-element-b4677d2 elementor-widget elementor-widget-heading\" data-id=\"b4677d2\" data-element_type=\"widget\" data-e-type=\"widget\" data-widget_type=\"heading.default\">\n\t\t\t\t<div class=\"elementor-widget-container\">\n\t\t\t\t\t<h3 class=\"elementor-heading-title elementor-size-default\">La nueva visi\u00f3n: Di Caro Capri Sandals<\/h3>\t\t\t\t<\/div>\n\t\t\t\t<\/div>\n\t\t\t\t<div class=\"elementor-element elementor-element-6504b5f elementor-widget elementor-widget-text-editor\" data-id=\"6504b5f\" data-element_type=\"widget\" data-e-type=\"widget\" data-widget_type=\"text-editor.default\">\n\t\t\t\t<div class=\"elementor-widget-container\">\n\t\t\t\t\t\t\t\t\t<p>Impulsado por una naturaleza profundamente creativa, Luigi Di Caro proyecta ahora su arte hacia nuevos horizontes europeos. El proyecto Di Caro Capri Sandals representa la culminaci\u00f3n de veinticinco a\u00f1os de experiencia: una fusi\u00f3n entre la alta escuela napolitana del patronaje y la pureza del trabajo \u201checho a mano\u201d. Hoy, la marca se posiciona como embajadora de la alta artesan\u00eda italiana, ofreciendo un producto aut\u00e9nticamente exclusivo para un p\u00fablico internacional refinado.<\/p>\t\t\t\t\t\t\t\t<\/div>\n\t\t\t\t<\/div>\n\t\t\t\t<\/div>\n\t\t\t\t\t<\/div>\n\t\t\t\t<\/div>\n\t\t<div class=\"elementor-element elementor-element-8c3b0e0 e-flex e-con-boxed e-con e-parent\" data-id=\"8c3b0e0\" data-element_type=\"container\" data-e-type=\"container\" data-settings=\"{&quot;_ha_eqh_enable&quot;:false}\">\n\t\t\t\t\t<div class=\"e-con-inner\">\n\t\t<div class=\"elementor-element elementor-element-fa0ac03 e-con-full e-flex e-con e-child\" data-id=\"fa0ac03\" data-element_type=\"container\" data-e-type=\"container\" data-settings=\"{&quot;_ha_eqh_enable&quot;:false}\">\n\t\t\t\t<div class=\"elementor-element elementor-element-4a49bf5 elementor-widget elementor-widget-video\" data-id=\"4a49bf5\" data-element_type=\"widget\" data-e-type=\"widget\" data-settings=\"{&quot;video_type&quot;:&quot;hosted&quot;,&quot;autoplay&quot;:&quot;yes&quot;,&quot;mute&quot;:&quot;yes&quot;,&quot;loop&quot;:&quot;yes&quot;}\" data-widget_type=\"video.default\">\n\t\t\t\t<div class=\"elementor-widget-container\">\n\t\t\t\t\t\t\t<div class=\"e-hosted-video elementor-wrapper elementor-open-inline\">\n\t\t\t\t\t<video class=\"elementor-video\" src=\"https:\/\/dicarocaprisandals.com\/wp-content\/uploads\/2025\/07\/\ud83d\udc63-Pasea-descubre-elige\u2026-y-llevate-una-pieza-unica-hecha-a-mano.-En-el-Market-de-Artesania-del.mp4\" autoplay=\"\" loop=\"\" muted=\"muted\" controlslist=\"nodownload\"><\/video>\n\t\t\t\t<\/div>\n\t\t\t\t\t\t<\/div>\n\t\t\t\t<\/div>\n\t\t\t\t<\/div>\n\t\t<div class=\"elementor-element elementor-element-9e30fbd e-con-full e-flex e-con e-child\" data-id=\"9e30fbd\" data-element_type=\"container\" data-e-type=\"container\" data-settings=\"{&quot;_ha_eqh_enable&quot;:false}\">\n\t\t\t\t<div class=\"elementor-element elementor-element-f9a3fca elementor-widget elementor-widget-heading\" data-id=\"f9a3fca\" data-element_type=\"widget\" data-e-type=\"widget\" data-widget_type=\"heading.default\">\n\t\t\t\t<div class=\"elementor-widget-container\">\n\t\t\t\t\t<h2 class=\"elementor-heading-title elementor-size-default\">M\u00e1s que una sandalia<\/h2>\t\t\t\t<\/div>\n\t\t\t\t<\/div>\n\t\t\t\t<div class=\"elementor-element elementor-element-74775ae elementor-widget elementor-widget-text-editor\" data-id=\"74775ae\" data-element_type=\"widget\" data-e-type=\"widget\" data-widget_type=\"text-editor.default\">\n\t\t\t\t<div class=\"elementor-widget-container\">\n\t\t\t\t\t\t\t\t\t<p data-start=\"0\" data-end=\"189\">Para Luigi, cada par es mucho m\u00e1s que un simple producto. Es el resultado de a\u00f1os de artesan\u00eda, de manos que trabajan con paciencia y de una historia que comenz\u00f3 en Capri y vive en cada detalle.<\/p><p data-start=\"191\" data-end=\"368\">Esto no es solo calzado \u2014 es identidad, estilo y algo hecho especialmente para ti. Cada sandalia est\u00e1 dise\u00f1ada para adaptarse a tu pie, a tu forma de caminar y a tu manera de vivir el verano.<\/p><p data-start=\"370\" data-end=\"545\" data-is-last-node=\"\" data-is-only-node=\"\">Crear sandalias es su manera de compartir una pasi\u00f3n que va m\u00e1s all\u00e1 de la moda. Es una forma de mantener viva una tradici\u00f3n y de ofrecer algo aut\u00e9ntico en un mundo de producci\u00f3n en masa.<\/p>\t\t\t\t\t\t\t\t<\/div>\n\t\t\t\t<\/div>\n\t\t\t\t<\/div>\n\t\t\t\t\t<\/div>\n\t\t\t\t<\/div>\n\t\t\t\t<\/div>","protected":false},"excerpt":{"rendered":"<p>Luigi Di Caro: The Evolution of a Master Craftsman Roots and Learning (2000 &#8211; 2003) Luigi Di Caro\u2019s journey into [&hellip;]<\/p>\n","protected":false},"author":1,"featured_media":0,"parent":0,"menu_order":0,"comment_status":"closed","ping_status":"closed","template":"","meta":{"inline_featured_image":false,"site-sidebar-layout":"no-sidebar","site-content-layout":"","ast-site-content-layout":"full-width-container","site-content-style":"default","site-sidebar-style":"default","ast-global-header-display":"","ast-banner-title-visibility":"","ast-main-header-display":"","ast-hfb-above-header-display":"","ast-hfb-below-header-display":"","ast-hfb-mobile-header-display":"","site-post-title":"disabled","ast-breadcrumbs-content":"","ast-featured-img":"disabled","footer-sml-layout":"","ast-disable-related-posts":"","theme-transparent-header-meta":"","adv-header-id-meta":"","stick-header-meta":"","header-above-stick-meta":"","header-main-stick-meta":"","header-below-stick-meta":"","astra-migrate-meta-layouts":"default","ast-page-background-enabled":"default","ast-page-background-meta":{"desktop":{"background-color":"var(--ast-global-color-4)","background-image":"","background-repeat":"repeat","background-position":"center center","background-size":"auto","background-attachment":"scroll","background-type":"","background-media":"","overlay-type":"","overlay-color":"","overlay-opacity":"","overlay-gradient":""},"tablet":{"background-color":"","background-image":"","background-repeat":"repeat","background-position":"center center","background-size":"auto","background-attachment":"scroll","background-type":"","background-media":"","overlay-type":"","overlay-color":"","overlay-opacity":"","overlay-gradient":""},"mobile":{"background-color":"","background-image":"","background-repeat":"repeat","background-position":"center center","background-size":"auto","background-attachment":"scroll","background-type":"","background-media":"","overlay-type":"","overlay-color":"","overlay-opacity":"","overlay-gradient":""}},"ast-content-background-meta":{"desktop":{"background-color":"var(--ast-global-color-5)","background-image":"","background-repeat":"repeat","background-position":"center center","background-size":"auto","background-attachment":"scroll","background-type":"","background-media":"","overlay-type":"","overlay-color":"","overlay-opacity":"","overlay-gradient":""},"tablet":{"background-color":"var(--ast-global-color-5)","background-image":"","background-repeat":"repeat","background-position":"center center","background-size":"auto","background-attachment":"scroll","background-type":"","background-media":"","overlay-type":"","overlay-color":"","overlay-opacity":"","overlay-gradient":""},"mobile":{"background-color":"var(--ast-global-color-5)","background-image":"","background-repeat":"repeat","background-position":"center center","background-size":"auto","background-attachment":"scroll","background-type":"","background-media":"","overlay-type":"","overlay-color":"","overlay-opacity":"","overlay-gradient":""}},"_joinchat":[],"footnotes":""},"class_list":["post-966","page","type-page","status-publish","hentry"],"_links":{"self":[{"href":"https:\/\/dicarocaprisandals.com\/es\/wp-json\/wp\/v2\/pages\/966","targetHints":{"allow":["GET"]}}],"collection":[{"href":"https:\/\/dicarocaprisandals.com\/es\/wp-json\/wp\/v2\/pages"}],"about":[{"href":"https:\/\/dicarocaprisandals.com\/es\/wp-json\/wp\/v2\/types\/page"}],"author":[{"embeddable":true,"href":"https:\/\/dicarocaprisandals.com\/es\/wp-json\/wp\/v2\/users\/1"}],"replies":[{"embeddable":true,"href":"https:\/\/dicarocaprisandals.com\/es\/wp-json\/wp\/v2\/comments?post=966"}],"version-history":[{"count":83,"href":"https:\/\/dicarocaprisandals.com\/es\/wp-json\/wp\/v2\/pages\/966\/revisions"}],"predecessor-version":[{"id":3412,"href":"https:\/\/dicarocaprisandals.com\/es\/wp-json\/wp\/v2\/pages\/966\/revisions\/3412"}],"wp:attachment":[{"href":"https:\/\/dicarocaprisandals.com\/es\/wp-json\/wp\/v2\/media?parent=966"}],"curies":[{"name":"wp","href":"https:\/\/api.w.org\/{rel}","templated":true}]}}