{"id":2386,"date":"2025-10-09T10:22:47","date_gmt":"2025-10-09T08:22:47","guid":{"rendered":"https:\/\/dicarocaprisandals.com\/?page_id=2386"},"modified":"2025-10-13T11:08:52","modified_gmt":"2025-10-13T09:08:52","slug":"medidas","status":"publish","type":"page","link":"https:\/\/dicarocaprisandals.com\/es\/medidas\/","title":{"rendered":"Medidas"},"content":{"rendered":"<div data-elementor-type=\"wp-page\" data-elementor-id=\"2386\" class=\"elementor elementor-2386\" data-elementor-settings=\"{&quot;ha_cmc_init_switcher&quot;:&quot;no&quot;}\" data-elementor-post-type=\"page\">\n\t\t\t\t<div class=\"elementor-element elementor-element-a26844a e-flex e-con-boxed e-con e-parent\" data-id=\"a26844a\" data-element_type=\"container\" data-e-type=\"container\" data-settings=\"{&quot;_ha_eqh_enable&quot;:false}\">\n\t\t\t\t\t<div class=\"e-con-inner\">\n\t\t\t\t<div class=\"elementor-element elementor-element-9df51af elementor-widget elementor-widget-heading\" data-id=\"9df51af\" data-element_type=\"widget\" data-e-type=\"widget\" data-widget_type=\"heading.default\">\n\t\t\t\t<div class=\"elementor-widget-container\">\n\t\t\t\t\t<h2 class=\"elementor-heading-title elementor-size-default\">Tabla y PDF para medir tu pie<\/h2>\t\t\t\t<\/div>\n\t\t\t\t<\/div>\n\t\t\t\t<div class=\"elementor-element elementor-element-bb2e788 elementor-widget elementor-widget-text-editor\" data-id=\"bb2e788\" data-element_type=\"widget\" data-e-type=\"widget\" data-widget_type=\"text-editor.default\">\n\t\t\t\t<div class=\"elementor-widget-container\">\n\t\t\t\t\t\t\t\t\t<p>\u00a1Encuentra r\u00e1pidamente tu talla usando nuestros PDF!<br data-start=\"380\" data-end=\"383\" \/>Busca tu talla en la tabla, descarga el PDF e impr\u00edmelo: apoya el pie sobre el modelo y encontrar\u00e1s r\u00e1pidamente la talla adecuada para ti.<\/p>\t\t\t\t\t\t\t\t<\/div>\n\t\t\t\t<\/div>\n\t\t\t\t<div class=\"elementor-element elementor-element-9f59077 elementor-widget elementor-widget-html\" data-id=\"9f59077\" data-element_type=\"widget\" data-e-type=\"widget\" data-widget_type=\"html.default\">\n\t\t\t\t<div class=\"elementor-widget-container\">\n\t\t\t\t\t<table>\r\n  <thead>\r\n    <tr>\r\n      <th>EU<\/th>\r\n      <th>UK<\/th>\r\n      <th>USA<\/th>\r\n      <th>JP<\/th>\r\n      <th>Medir tu pie<\/th>\r\n    <\/tr>\r\n  <\/thead>\r\n  <tbody>\r\n    <tr>\r\n      <td>35<\/td><td>2\u00bd<\/td><td>4\u00bd<\/td><td>22\u00bd<\/td>\r\n      <td><a href=\"https:\/\/dicarocaprisandals.com\/wp-content\/uploads\/2025\/10\/DI-CARO-PLANTILLAS-35.pdf\">Descargar PDF<\/a><\/td>\r\n    <\/tr>\r\n    <tr>\r\n      <td>36<\/td><td>3\u00bd<\/td><td>5\u00bd<\/td><td>23<\/td>\r\n      <td><a href=\"https:\/\/dicarocaprisandals.com\/wp-content\/uploads\/2025\/10\/DI-CARO-PLANTILLAS-36.pdf\">Descargar PDF<\/a><\/td>\r\n    <\/tr>\r\n    <tr>\r\n      <td>37<\/td><td>4<\/td><td>6\u00bd<\/td><td>24<\/td>\r\n      <td><a href=\"https:\/\/dicarocaprisandals.com\/wp-content\/uploads\/2025\/10\/DI-CARO-PLANTILLAS-37.pdf\">Descargar PDF<\/a><\/td>\r\n    <\/tr>\r\n    <tr>\r\n      <td>38<\/td><td>5<\/td><td>7\u00bd<\/td><td>24\u00bd<\/td>\r\n      <td><a href=\"https:\/\/dicarocaprisandals.com\/wp-content\/uploads\/2025\/10\/DI-CARO-PLANTILLAS-38.pdf\">Descargar PDF<\/a><\/td>\r\n    <\/tr>\r\n    <tr>\r\n      <td>39<\/td><td>6<\/td><td>8<\/td><td>25<\/td>\r\n      <td><a href=\"https:\/\/dicarocaprisandals.com\/wp-content\/uploads\/2025\/10\/DI-CARO-PLANTILLAS-39.pdf\">Descargar PDF<\/a><\/td>\r\n    <\/tr>\r\n    <tr>\r\n      <td>40<\/td><td>6\u00bd<\/td><td>8\u00bd<\/td><td>26<\/td>\r\n      <td><a href=\"https:\/\/dicarocaprisandals.com\/wp-content\/uploads\/2025\/10\/DI-CARO-PLANTILLAS-40.pdf\">Descargar PDF<\/a><\/td>\r\n    <\/tr>\r\n    <tr>\r\n      <td>41<\/td><td>7\u00bd<\/td><td>9\u00bd<\/td><td>26\u00bd<\/td>\r\n      <td><a href=\"https:\/\/dicarocaprisandals.com\/wp-content\/uploads\/2025\/10\/DI-CARO-PLANTILLAS-41.pdf\">Descargar PDF<\/a><\/td>\r\n    <\/tr>\r\n    <tr>\r\n      <td>42<\/td><td>8\u00bd<\/td><td>10\u00bd<\/td><td>27<\/td>\r\n      <td><a href=\"https:\/\/dicarocaprisandals.com\/wp-content\/uploads\/2025\/10\/DI-CARO-PLANTILLAS-42.pdf\">Descargar PDF<\/a><\/td>\r\n    <\/tr>\r\n    <tr>\r\n      <td>44<\/td><td>10<\/td><td>12<\/td><td>28\u00bd<\/td>\r\n      <td><a href=\"https:\/\/dicarocaprisandals.com\/wp-content\/uploads\/2025\/10\/DI-CARO-PLANTILLAS-44.pdf\">Descargar PDF<\/a><\/td>\r\n    <\/tr>\r\n    <tr>\r\n      <td>46<\/td><td>11<\/td><td>13<\/td><td>29\u00bd<\/td>\r\n      <td><a href=\"https:\/\/dicarocaprisandals.com\/wp-content\/uploads\/2025\/10\/DI-CARO-PLANTILLAS-46.pdf\">Descargar PDF<\/a><\/td>\r\n    <\/tr>\r\n  <\/tbody>\r\n<\/table>\r\n\t\t\t\t<\/div>\n\t\t\t\t<\/div>\n\t\t\t\t\t<\/div>\n\t\t\t\t<\/div>\n\t\t<div class=\"elementor-element elementor-element-7dbb8ec e-flex e-con-boxed e-con e-parent\" data-id=\"7dbb8ec\" data-element_type=\"container\" data-e-type=\"container\" data-settings=\"{&quot;_ha_eqh_enable&quot;:false}\">\n\t\t\t\t\t<div class=\"e-con-inner\">\n\t\t\t\t<div class=\"elementor-element elementor-element-73aaf37 elementor-widget elementor-widget-heading\" data-id=\"73aaf37\" data-element_type=\"widget\" data-e-type=\"widget\" data-widget_type=\"heading.default\">\n\t\t\t\t<div class=\"elementor-widget-container\">\n\t\t\t\t\t<h2 class=\"elementor-heading-title elementor-size-default\">\u00bfTienes dudas sobre la talla despu\u00e9s de tomar las medidas?<\/h2>\t\t\t\t<\/div>\n\t\t\t\t<\/div>\n\t\t\t\t<div class=\"elementor-element elementor-element-c0fce14 elementor-widget elementor-widget-text-editor\" data-id=\"c0fce14\" data-element_type=\"widget\" data-e-type=\"widget\" data-widget_type=\"text-editor.default\">\n\t\t\t\t<div class=\"elementor-widget-container\">\n\t\t\t\t\t\t\t\t\t<p>\u00a1No te preocupes! Haz tu pedido normalmente y, en el apartado de notas al finalizar la compra, ind\u00edcanos las medidas que has tomado. Nosotros nos encargaremos de enviarte el n\u00famero que mejor se ajuste a tu pie.<br data-start=\"416\" data-end=\"419\" \/>(Podr\u00e1s escribir tus notas justo en el paso donde eliges la direcci\u00f3n de env\u00edo)<\/p>\t\t\t\t\t\t\t\t<\/div>\n\t\t\t\t<\/div>\n\t\t\t\t<div class=\"elementor-element elementor-element-a4d10d2 elementor-widget-divider--view-line elementor-widget elementor-widget-divider\" data-id=\"a4d10d2\" data-element_type=\"widget\" data-e-type=\"widget\" data-widget_type=\"divider.default\">\n\t\t\t\t<div class=\"elementor-widget-container\">\n\t\t\t\t\t\t\t<div class=\"elementor-divider\">\n\t\t\t<span class=\"elementor-divider-separator\">\n\t\t\t\t\t\t<\/span>\n\t\t<\/div>\n\t\t\t\t\t\t<\/div>\n\t\t\t\t<\/div>\n\t\t\t\t\t<\/div>\n\t\t\t\t<\/div>\n\t\t<div class=\"elementor-element elementor-element-526850d e-flex e-con-boxed e-con e-parent\" data-id=\"526850d\" data-element_type=\"container\" data-e-type=\"container\" data-settings=\"{&quot;_ha_eqh_enable&quot;:false}\">\n\t\t\t\t\t<div class=\"e-con-inner\">\n\t\t\t\t<div class=\"elementor-element elementor-element-be8d162 elementor-widget elementor-widget-heading\" data-id=\"be8d162\" data-element_type=\"widget\" data-e-type=\"widget\" data-widget_type=\"heading.default\">\n\t\t\t\t<div class=\"elementor-widget-container\">\n\t\t\t\t\t<h2 class=\"elementor-heading-title elementor-size-default\">C\u00f3mo medir tu pie correctamente<\/h2>\t\t\t\t<\/div>\n\t\t\t\t<\/div>\n\t\t\t\t<div class=\"elementor-element elementor-element-e1e9841 elementor-widget elementor-widget-text-editor\" data-id=\"e1e9841\" data-element_type=\"widget\" data-e-type=\"widget\" data-widget_type=\"text-editor.default\">\n\t\t\t\t<div class=\"elementor-widget-container\">\n\t\t\t\t\t\t\t\t\t<p data-start=\"542\" data-end=\"767\"><strong data-start=\"542\" data-end=\"565\">1. Longitud del pie<\/strong><br data-start=\"565\" data-end=\"568\" \/>Ponte de pie sobre una hoja de papel y, con un l\u00e1piz, marca el final del tal\u00f3n y la punta del dedo m\u00e1s largo.<br data-start=\"677\" data-end=\"680\" \/>Usa una regla para medir la distancia entre ambas marcas. Esa es la longitud de tu pie.<\/p>\t\t\t\t\t\t\t\t<\/div>\n\t\t\t\t<\/div>\n\t\t\t\t<div class=\"elementor-element elementor-element-5cabd43 elementor-widget elementor-widget-image\" data-id=\"5cabd43\" data-element_type=\"widget\" data-e-type=\"widget\" data-widget_type=\"image.default\">\n\t\t\t\t<div class=\"elementor-widget-container\">\n\t\t\t\t\t\t\t\t\t\t\t\t\t\t\t<img fetchpriority=\"high\" decoding=\"async\" width=\"512\" height=\"400\" src=\"https:\/\/dicarocaprisandals.com\/wp-content\/uploads\/2025\/10\/enhanced_Captura-de-pantalla-2025-10-13-095318.webp\" class=\"attachment-large size-large wp-image-2473\" alt=\"medidas de pie\" srcset=\"https:\/\/dicarocaprisandals.com\/wp-content\/uploads\/2025\/10\/enhanced_Captura-de-pantalla-2025-10-13-095318.webp 512w, https:\/\/dicarocaprisandals.com\/wp-content\/uploads\/2025\/10\/enhanced_Captura-de-pantalla-2025-10-13-095318-300x234.webp 300w\" sizes=\"(max-width: 512px) 100vw, 512px\" \/>\t\t\t\t\t\t\t\t\t\t\t\t\t\t\t<\/div>\n\t\t\t\t<\/div>\n\t\t\t\t\t<\/div>\n\t\t\t\t<\/div>\n\t\t<div class=\"elementor-element elementor-element-5d1011e e-flex e-con-boxed e-con e-parent\" data-id=\"5d1011e\" data-element_type=\"container\" data-e-type=\"container\" data-settings=\"{&quot;_ha_eqh_enable&quot;:false}\">\n\t\t\t\t\t<div class=\"e-con-inner\">\n\t\t\t\t<div class=\"elementor-element elementor-element-32481f8 elementor-widget elementor-widget-text-editor\" data-id=\"32481f8\" data-element_type=\"widget\" data-e-type=\"widget\" data-widget_type=\"text-editor.default\">\n\t\t\t\t<div class=\"elementor-widget-container\">\n\t\t\t\t\t\t\t\t\t<p data-start=\"774\" data-end=\"803\"><strong data-start=\"774\" data-end=\"803\">2. Circunferencia del pie<\/strong><\/p><p data-start=\"805\" data-end=\"905\">A) <strong data-start=\"808\" data-end=\"819\">Empeine<\/strong> (la parte superior del pie)<br data-start=\"847\" data-end=\"850\" \/>B) <strong data-start=\"853\" data-end=\"863\">Planta<\/strong> (la parte m\u00e1s ancha en la base del pie)<\/p><p data-start=\"907\" data-end=\"977\">Con una cinta m\u00e9trica flexible, mide la circunferencia de ambas zonas.<\/p>\t\t\t\t\t\t\t\t<\/div>\n\t\t\t\t<\/div>\n\t\t\t\t<div class=\"elementor-element elementor-element-ac0ae26 elementor-widget elementor-widget-image\" data-id=\"ac0ae26\" data-element_type=\"widget\" data-e-type=\"widget\" data-widget_type=\"image.default\">\n\t\t\t\t<div class=\"elementor-widget-container\">\n\t\t\t\t\t\t\t\t\t\t\t\t\t\t\t<img decoding=\"async\" width=\"696\" height=\"440\" src=\"https:\/\/dicarocaprisandals.com\/wp-content\/uploads\/2025\/10\/enhanced_Captura-de-pantalla-2025-10-13-095720.webp\" class=\"attachment-large size-large wp-image-2478\" alt=\"redondeo de pie\" srcset=\"https:\/\/dicarocaprisandals.com\/wp-content\/uploads\/2025\/10\/enhanced_Captura-de-pantalla-2025-10-13-095720.webp 696w, https:\/\/dicarocaprisandals.com\/wp-content\/uploads\/2025\/10\/enhanced_Captura-de-pantalla-2025-10-13-095720-300x190.webp 300w, https:\/\/dicarocaprisandals.com\/wp-content\/uploads\/2025\/10\/enhanced_Captura-de-pantalla-2025-10-13-095720-600x379.webp 600w\" sizes=\"(max-width: 696px) 100vw, 696px\" \/>\t\t\t\t\t\t\t\t\t\t\t\t\t\t\t<\/div>\n\t\t\t\t<\/div>\n\t\t\t\t\t<\/div>\n\t\t\t\t<\/div>\n\t\t\t\t<\/div>","protected":false},"excerpt":{"rendered":"<p>Tabla y PDF para medir tu pie \u00a1Encuentra r\u00e1pidamente tu talla usando nuestros PDF!Busca tu talla en la tabla, descarga [&hellip;]<\/p>\n","protected":false},"author":1,"featured_media":0,"parent":0,"menu_order":0,"comment_status":"closed","ping_status":"closed","template":"","meta":{"inline_featured_image":false,"site-sidebar-layout":"no-sidebar","site-content-layout":"","ast-site-content-layout":"full-width-container","site-content-style":"default","site-sidebar-style":"default","ast-global-header-display":"","ast-banner-title-visibility":"","ast-main-header-display":"","ast-hfb-above-header-display":"","ast-hfb-below-header-display":"","ast-hfb-mobile-header-display":"","site-post-title":"disabled","ast-breadcrumbs-content":"","ast-featured-img":"disabled","footer-sml-layout":"","ast-disable-related-posts":"","theme-transparent-header-meta":"","adv-header-id-meta":"","stick-header-meta":"","header-above-stick-meta":"","header-main-stick-meta":"","header-below-stick-meta":"","astra-migrate-meta-layouts":"default","ast-page-background-enabled":"default","ast-page-background-meta":{"desktop":{"background-color":"var(--ast-global-color-4)","background-image":"","background-repeat":"repeat","background-position":"center center","background-size":"auto","background-attachment":"scroll","background-type":"","background-media":"","overlay-type":"","overlay-color":"","overlay-opacity":"","overlay-gradient":""},"tablet":{"background-color":"","background-image":"","background-repeat":"repeat","background-position":"center center","background-size":"auto","background-attachment":"scroll","background-type":"","background-media":"","overlay-type":"","overlay-color":"","overlay-opacity":"","overlay-gradient":""},"mobile":{"background-color":"","background-image":"","background-repeat":"repeat","background-position":"center center","background-size":"auto","background-attachment":"scroll","background-type":"","background-media":"","overlay-type":"","overlay-color":"","overlay-opacity":"","overlay-gradient":""}},"ast-content-background-meta":{"desktop":{"background-color":"var(--ast-global-color-5)","background-image":"","background-repeat":"repeat","background-position":"center center","background-size":"auto","background-attachment":"scroll","background-type":"","background-media":"","overlay-type":"","overlay-color":"","overlay-opacity":"","overlay-gradient":""},"tablet":{"background-color":"var(--ast-global-color-5)","background-image":"","background-repeat":"repeat","background-position":"center center","background-size":"auto","background-attachment":"scroll","background-type":"","background-media":"","overlay-type":"","overlay-color":"","overlay-opacity":"","overlay-gradient":""},"mobile":{"background-color":"var(--ast-global-color-5)","background-image":"","background-repeat":"repeat","background-position":"center center","background-size":"auto","background-attachment":"scroll","background-type":"","background-media":"","overlay-type":"","overlay-color":"","overlay-opacity":"","overlay-gradient":""}},"_joinchat":[],"footnotes":""},"class_list":["post-2386","page","type-page","status-publish","hentry"],"_links":{"self":[{"href":"https:\/\/dicarocaprisandals.com\/es\/wp-json\/wp\/v2\/pages\/2386","targetHints":{"allow":["GET"]}}],"collection":[{"href":"https:\/\/dicarocaprisandals.com\/es\/wp-json\/wp\/v2\/pages"}],"about":[{"href":"https:\/\/dicarocaprisandals.com\/es\/wp-json\/wp\/v2\/types\/page"}],"author":[{"embeddable":true,"href":"https:\/\/dicarocaprisandals.com\/es\/wp-json\/wp\/v2\/users\/1"}],"replies":[{"embeddable":true,"href":"https:\/\/dicarocaprisandals.com\/es\/wp-json\/wp\/v2\/comments?post=2386"}],"version-history":[{"count":73,"href":"https:\/\/dicarocaprisandals.com\/es\/wp-json\/wp\/v2\/pages\/2386\/revisions"}],"predecessor-version":[{"id":2484,"href":"https:\/\/dicarocaprisandals.com\/es\/wp-json\/wp\/v2\/pages\/2386\/revisions\/2484"}],"wp:attachment":[{"href":"https:\/\/dicarocaprisandals.com\/es\/wp-json\/wp\/v2\/media?parent=2386"}],"curies":[{"name":"wp","href":"https:\/\/api.w.org\/{rel}","templated":true}]}}