{"id":966,"date":"2025-07-28T18:27:00","date_gmt":"2025-07-28T16:27:00","guid":{"rendered":"https:\/\/dicarocaprisandals.com\/?page_id=966"},"modified":"2026-02-26T12:12:44","modified_gmt":"2026-02-26T11:12:44","slug":"nuestra-historia","status":"publish","type":"page","link":"https:\/\/dicarocaprisandals.com\/de\/nuestra-historia\/","title":{"rendered":"Craftsman"},"content":{"rendered":"<div data-elementor-type=\"wp-page\" data-elementor-id=\"966\" class=\"elementor elementor-966\" data-elementor-settings=\"{&quot;ha_cmc_init_switcher&quot;:&quot;no&quot;}\" data-elementor-post-type=\"page\">\n\t\t\t\t<div class=\"elementor-element elementor-element-f109ecd e-flex e-con-boxed e-con e-parent\" data-id=\"f109ecd\" data-element_type=\"container\" data-e-type=\"container\" data-settings=\"{&quot;_ha_eqh_enable&quot;:false}\">\n\t\t\t\t\t<div class=\"e-con-inner\">\n\t\t<div class=\"elementor-element elementor-element-97baf85 e-con-full e-flex e-con e-child\" data-id=\"97baf85\" data-element_type=\"container\" data-e-type=\"container\" data-settings=\"{&quot;_ha_eqh_enable&quot;:false}\">\n\t\t\t\t<div class=\"elementor-element elementor-element-42a00da elementor-widget elementor-widget-image\" data-id=\"42a00da\" data-element_type=\"widget\" data-e-type=\"widget\" data-widget_type=\"image.default\">\n\t\t\t\t<div class=\"elementor-widget-container\">\n\t\t\t\t\t\t\t\t\t\t\t\t\t\t\t<img fetchpriority=\"high\" decoding=\"async\" width=\"768\" height=\"1024\" src=\"https:\/\/dicarocaprisandals.com\/wp-content\/uploads\/2025\/07\/Luigi-1-768x1024.webp\" class=\"attachment-large size-large wp-image-1048\" alt=\"\" srcset=\"https:\/\/dicarocaprisandals.com\/wp-content\/uploads\/2025\/07\/Luigi-1-768x1024.webp 768w, https:\/\/dicarocaprisandals.com\/wp-content\/uploads\/2025\/07\/Luigi-1-600x800.webp 600w, https:\/\/dicarocaprisandals.com\/wp-content\/uploads\/2025\/07\/Luigi-1-64x85.webp 64w, https:\/\/dicarocaprisandals.com\/wp-content\/uploads\/2025\/07\/Luigi-1-225x300.webp 225w, https:\/\/dicarocaprisandals.com\/wp-content\/uploads\/2025\/07\/Luigi-1.webp 960w\" sizes=\"(max-width: 768px) 100vw, 768px\" \/>\t\t\t\t\t\t\t\t\t\t\t\t\t\t\t<\/div>\n\t\t\t\t<\/div>\n\t\t\t\t<div class=\"elementor-element elementor-element-f70f689 elementor-widget elementor-widget-image\" data-id=\"f70f689\" data-element_type=\"widget\" data-e-type=\"widget\" data-widget_type=\"image.default\">\n\t\t\t\t<div class=\"elementor-widget-container\">\n\t\t\t\t\t\t\t\t\t\t\t\t\t\t\t<img decoding=\"async\" width=\"759\" height=\"1024\" src=\"https:\/\/dicarocaprisandals.com\/wp-content\/uploads\/2025\/07\/enhanced_ChatGPT-Image-28-jul-2025-11_24_09-759x1024.webp\" class=\"attachment-large size-large wp-image-578\" alt=\"\" srcset=\"https:\/\/dicarocaprisandals.com\/wp-content\/uploads\/2025\/07\/enhanced_ChatGPT-Image-28-jul-2025-11_24_09-759x1024.webp 759w, https:\/\/dicarocaprisandals.com\/wp-content\/uploads\/2025\/07\/enhanced_ChatGPT-Image-28-jul-2025-11_24_09-600x810.webp 600w, https:\/\/dicarocaprisandals.com\/wp-content\/uploads\/2025\/07\/enhanced_ChatGPT-Image-28-jul-2025-11_24_09-64x86.webp 64w, https:\/\/dicarocaprisandals.com\/wp-content\/uploads\/2025\/07\/enhanced_ChatGPT-Image-28-jul-2025-11_24_09-222x300.webp 222w, https:\/\/dicarocaprisandals.com\/wp-content\/uploads\/2025\/07\/enhanced_ChatGPT-Image-28-jul-2025-11_24_09-768x1037.webp 768w, https:\/\/dicarocaprisandals.com\/wp-content\/uploads\/2025\/07\/enhanced_ChatGPT-Image-28-jul-2025-11_24_09.webp 1000w\" sizes=\"(max-width: 759px) 100vw, 759px\" \/>\t\t\t\t\t\t\t\t\t\t\t\t\t\t\t<\/div>\n\t\t\t\t<\/div>\n\t\t\t\t<\/div>\n\t\t<div class=\"elementor-element elementor-element-f254b72 e-con-full e-flex e-con e-child\" data-id=\"f254b72\" data-element_type=\"container\" data-e-type=\"container\" data-settings=\"{&quot;_ha_eqh_enable&quot;:false}\">\n\t\t\t\t<div class=\"elementor-element elementor-element-31f998a elementor-widget elementor-widget-heading\" data-id=\"31f998a\" data-element_type=\"widget\" data-e-type=\"widget\" data-widget_type=\"heading.default\">\n\t\t\t\t<div class=\"elementor-widget-container\">\n\t\t\t\t\t<h1 class=\"elementor-heading-title elementor-size-default\">Luigi Di Caro: Die Entwicklung eines Meisterhandwerkers<\/h1>\t\t\t\t<\/div>\n\t\t\t\t<\/div>\n\t\t\t\t<div class=\"elementor-element elementor-element-3251e3a elementor-widget elementor-widget-heading\" data-id=\"3251e3a\" data-element_type=\"widget\" data-e-type=\"widget\" data-widget_type=\"heading.default\">\n\t\t\t\t<div class=\"elementor-widget-container\">\n\t\t\t\t\t<h3 class=\"elementor-heading-title elementor-size-default\">Wurzeln und Ausbildung (2000 - 2003)<\/h3>\t\t\t\t<\/div>\n\t\t\t\t<\/div>\n\t\t\t\t<div class=\"elementor-element elementor-element-20cc76f elementor-widget elementor-widget-text-editor\" data-id=\"20cc76f\" data-element_type=\"widget\" data-e-type=\"widget\" data-widget_type=\"text-editor.default\">\n\t\t\t\t<div class=\"elementor-widget-container\">\n\t\t\t\t\t\t\t\t\t<p>Luigi Di Caros Weg in die Welt au\u00dfergew\u00f6hnlicher Sandalen begann im Jahr 2000 mit einem vollst\u00e4ndigen Eintauchen in die traditionelle Handwerkskunst. Seine Ausbildung fand direkt in der historischen Fabrik der Familie Ferrara (Luna Mulier) statt, einer H\u00fcterin des traditionellen handwerklichen Wissens. In diesem Umfeld erlernte Luigi die Kunst der vollst\u00e4ndigen Herstellung: von der Vorbereitung der Sohle \u00fcber die manuelle Anfertigung der Oberteile bis hin zum Setzen von Strassverzierungen. Es war eine Ausbildung, die auf dem Streben nach Perfektion und vollst\u00e4ndiger Produktionsautonomie basierte.<\/p>\t\t\t\t\t\t\t\t<\/div>\n\t\t\t\t<\/div>\n\t\t\t\t<div class=\"elementor-element elementor-element-aaf2c24 elementor-widget elementor-widget-heading\" data-id=\"aaf2c24\" data-element_type=\"widget\" data-e-type=\"widget\" data-widget_type=\"heading.default\">\n\t\t\t\t<div class=\"elementor-widget-container\">\n\t\t\t\t\t<h3 class=\"elementor-heading-title elementor-size-default\">Niederlassung in Taormina (2002 - 2017)<\/h3>\t\t\t\t<\/div>\n\t\t\t\t<\/div>\n\t\t\t\t<div class=\"elementor-element elementor-element-0e93e6d elementor-widget elementor-widget-text-editor\" data-id=\"0e93e6d\" data-element_type=\"widget\" data-e-type=\"widget\" data-widget_type=\"text-editor.default\">\n\t\t\t\t<div class=\"elementor-widget-container\">\n\t\t\t\t\t\t\t\t\t<p>Nach seinem Deb\u00fct im Jahr 2002 mit der Herstellung ma\u00dfgefertigter \u201elive pr\u00e4sentierter\u201c Sandalen er\u00f6ffnete Luigi Di Caro 2003 \u201eLa Bottega del Sandalo\u201c, den ersten Raum in Sizilien, der ausschlie\u00dflich der Handwerkskunst im Capri-Stil gewidmet ist. Der unmittelbare Erfolg festigte die Marke und f\u00fchrte zur Er\u00f6ffnung einer zweiten, prestigetr\u00e4chtigen Boutique in der Vico Zecca, im Herzen von Taormina. In dieser Zeit erreichte die Produktion ihren H\u00f6hepunkt der Personalisierung: Luigi entwarf und setzte einzigartige Schmuckverzierungen von Hand ein und verwandelte jede Sandale in ein exklusives Kunstwerk.<\/p>\t\t\t\t\t\t\t\t<\/div>\n\t\t\t\t<\/div>\n\t\t\t\t<div class=\"elementor-element elementor-element-97d822e elementor-widget elementor-widget-heading\" data-id=\"97d822e\" data-element_type=\"widget\" data-e-type=\"widget\" data-widget_type=\"heading.default\">\n\t\t\t\t<div class=\"elementor-widget-container\">\n\t\t\t\t\t<h3 class=\"elementor-heading-title elementor-size-default\">Technische und schnitttechnische Spezialisierung<\/h3>\t\t\t\t<\/div>\n\t\t\t\t<\/div>\n\t\t\t\t<div class=\"elementor-element elementor-element-fc2dabd elementor-widget elementor-widget-text-editor\" data-id=\"fc2dabd\" data-element_type=\"widget\" data-e-type=\"widget\" data-widget_type=\"text-editor.default\">\n\t\t\t\t<div class=\"elementor-widget-container\">\n\t\t\t\t\t\t\t\t\t<p>Um den Wert seiner Kreationen weiter zu steigern, erg\u00e4nzte Luigi Di Caro seine praktische Erfahrung durch eine fundierte akademische Ausbildung. Er schloss sein Studium als Schuhschnittdesigner an der Accademia della Moda in Neapel unter der Leitung von Maestro Giovanni Rodia ab. Diese Spezialisierung brachte einen technisch-professionellen Ansatz in seine Arbeit und verband kreative Vision mit modernster Pr\u00e4zision in der Schnitttechnik, wodurch alle konstruktiven Grenzen \u00fcberwunden wurden.<\/p>\t\t\t\t\t\t\t\t<\/div>\n\t\t\t\t<\/div>\n\t\t\t\t<div class=\"elementor-element elementor-element-c6dd10e elementor-widget elementor-widget-heading\" data-id=\"c6dd10e\" data-element_type=\"widget\" data-e-type=\"widget\" data-widget_type=\"heading.default\">\n\t\t\t\t<div class=\"elementor-widget-container\">\n\t\t\t\t\t<h3 class=\"elementor-heading-title elementor-size-default\">Elite-Erfahrungen und externe Kooperationen<\/h3>\t\t\t\t<\/div>\n\t\t\t\t<\/div>\n\t\t\t\t<div class=\"elementor-element elementor-element-668f7c9 elementor-widget elementor-widget-text-editor\" data-id=\"668f7c9\" data-element_type=\"widget\" data-e-type=\"widget\" data-widget_type=\"text-editor.default\">\n\t\t\t\t<div class=\"elementor-widget-container\">\n\t\t\t\t\t\t\t\t\t<p>Seine etablierte Meisterschaft f\u00fchrte dazu, dass er mit renommierten Unternehmen an einigen der ikonischsten Orte des Mittelmeers zusammenarbeitete:<\/p><ul><li>Capri (2019): In der Boutique \u201eFiore Capri\u201c, arbeitete er im Herzen der Tradition.<\/li><li>Santa Margherita Ligure (2021\u20132024): Mehrj\u00e4hrige Zusammenarbeit mit \u201eIl Sandalo Caprese\u201c, bei der er seine Expertise in die Standorte Ortigia und Alghero einbrachte.<\/li><\/ul>\t\t\t\t\t\t\t\t<\/div>\n\t\t\t\t<\/div>\n\t\t\t\t<div class=\"elementor-element elementor-element-b4677d2 elementor-widget elementor-widget-heading\" data-id=\"b4677d2\" data-element_type=\"widget\" data-e-type=\"widget\" data-widget_type=\"heading.default\">\n\t\t\t\t<div class=\"elementor-widget-container\">\n\t\t\t\t\t<h3 class=\"elementor-heading-title elementor-size-default\">Die neue Vision: Di Caro Capri Sandals<\/h3>\t\t\t\t<\/div>\n\t\t\t\t<\/div>\n\t\t\t\t<div class=\"elementor-element elementor-element-6504b5f elementor-widget elementor-widget-text-editor\" data-id=\"6504b5f\" data-element_type=\"widget\" data-e-type=\"widget\" data-widget_type=\"text-editor.default\">\n\t\t\t\t<div class=\"elementor-widget-container\">\n\t\t\t\t\t\t\t\t\t<p>Angetrieben von einer von Natur aus kreativen Pers\u00f6nlichkeit richtet Luigi Di Caro seine Kunst nun auf neue europ\u00e4ische Horizonte aus. Das Projekt Di Caro Capri Sandals stellt den H\u00f6hepunkt von f\u00fcnfundzwanzig Jahren Erfahrung dar: eine Verbindung zwischen der neapolitanischen hohen Schule der Schnitttechnik und der Reinheit echter Handarbeit. Heute positioniert sich die Marke als Botschafterin italienischer Spitzenhandwerkskunst und bietet ein authentisch exklusives Produkt f\u00fcr ein anspruchsvolles internationales Publikum.<\/p>\t\t\t\t\t\t\t\t<\/div>\n\t\t\t\t<\/div>\n\t\t\t\t<\/div>\n\t\t\t\t\t<\/div>\n\t\t\t\t<\/div>\n\t\t<div class=\"elementor-element elementor-element-8c3b0e0 e-flex e-con-boxed e-con e-parent\" data-id=\"8c3b0e0\" data-element_type=\"container\" data-e-type=\"container\" data-settings=\"{&quot;_ha_eqh_enable&quot;:false}\">\n\t\t\t\t\t<div class=\"e-con-inner\">\n\t\t<div class=\"elementor-element elementor-element-fa0ac03 e-con-full e-flex e-con e-child\" data-id=\"fa0ac03\" data-element_type=\"container\" data-e-type=\"container\" data-settings=\"{&quot;_ha_eqh_enable&quot;:false}\">\n\t\t\t\t<div class=\"elementor-element elementor-element-4a49bf5 elementor-widget elementor-widget-video\" data-id=\"4a49bf5\" data-element_type=\"widget\" data-e-type=\"widget\" data-settings=\"{&quot;video_type&quot;:&quot;hosted&quot;,&quot;autoplay&quot;:&quot;yes&quot;,&quot;mute&quot;:&quot;yes&quot;,&quot;loop&quot;:&quot;yes&quot;}\" data-widget_type=\"video.default\">\n\t\t\t\t<div class=\"elementor-widget-container\">\n\t\t\t\t\t\t\t<div class=\"e-hosted-video elementor-wrapper elementor-open-inline\">\n\t\t\t\t\t<video class=\"elementor-video\" src=\"https:\/\/dicarocaprisandals.com\/wp-content\/uploads\/2025\/07\/\ud83d\udc63-Pasea-descubre-elige\u2026-y-llevate-una-pieza-unica-hecha-a-mano.-En-el-Market-de-Artesania-del.mp4\" autoplay=\"\" loop=\"\" muted=\"muted\" controlslist=\"nodownload\"><\/video>\n\t\t\t\t<\/div>\n\t\t\t\t\t\t<\/div>\n\t\t\t\t<\/div>\n\t\t\t\t<\/div>\n\t\t<div class=\"elementor-element elementor-element-9e30fbd e-con-full e-flex e-con e-child\" data-id=\"9e30fbd\" data-element_type=\"container\" data-e-type=\"container\" data-settings=\"{&quot;_ha_eqh_enable&quot;:false}\">\n\t\t\t\t<div class=\"elementor-element elementor-element-f9a3fca elementor-widget elementor-widget-heading\" data-id=\"f9a3fca\" data-element_type=\"widget\" data-e-type=\"widget\" data-widget_type=\"heading.default\">\n\t\t\t\t<div class=\"elementor-widget-container\">\n\t\t\t\t\t<h2 class=\"elementor-heading-title elementor-size-default\">Mehr als eine Sandale<\/h2>\t\t\t\t<\/div>\n\t\t\t\t<\/div>\n\t\t\t\t<div class=\"elementor-element elementor-element-74775ae elementor-widget elementor-widget-text-editor\" data-id=\"74775ae\" data-element_type=\"widget\" data-e-type=\"widget\" data-widget_type=\"text-editor.default\">\n\t\t\t\t<div class=\"elementor-widget-container\">\n\t\t\t\t\t\t\t\t\t<p data-start=\"0\" data-end=\"189\">F\u00fcr Luigi ist jedes Paar mehr als nur ein Produkt. Es ist das Ergebnis jahrelanger Handwerkskunst, von H\u00e4nden, die mit Geduld arbeiten, und einer Geschichte, die in Capri begann und in jedem Detail weiterlebt.<\/p><p data-start=\"191\" data-end=\"368\">Das ist nicht nur Schuhwerk \u2014 es ist Identit\u00e4t, Stil und etwas, das speziell f\u00fcr Sie gemacht ist. Jede Sandale wird so entworfen, dass sie sich Ihrem Fu\u00df, Ihrem Gang und Ihrer Art, den Sommer zu genie\u00dfen, anpasst.<\/p><p data-start=\"370\" data-end=\"545\" data-is-last-node=\"\" data-is-only-node=\"\">Sandalen zu fertigen ist seine Art, eine Leidenschaft zu teilen, die \u00fcber die Mode hinausgeht. Es ist eine M\u00f6glichkeit, eine Tradition lebendig zu halten und in einer Welt der Massenproduktion etwas Authentisches anzubieten.<\/p>\t\t\t\t\t\t\t\t<\/div>\n\t\t\t\t<\/div>\n\t\t\t\t<\/div>\n\t\t\t\t\t<\/div>\n\t\t\t\t<\/div>\n\t\t\t\t<\/div>","protected":false},"excerpt":{"rendered":"<p>Luigi Di Caro: The Evolution of a Master Craftsman Roots and Learning (2000 &#8211; 2003) Luigi Di Caro\u2019s journey into [&hellip;]<\/p>\n","protected":false},"author":1,"featured_media":0,"parent":0,"menu_order":0,"comment_status":"closed","ping_status":"closed","template":"","meta":{"inline_featured_image":false,"site-sidebar-layout":"no-sidebar","site-content-layout":"","ast-site-content-layout":"full-width-container","site-content-style":"default","site-sidebar-style":"default","ast-global-header-display":"","ast-banner-title-visibility":"","ast-main-header-display":"","ast-hfb-above-header-display":"","ast-hfb-below-header-display":"","ast-hfb-mobile-header-display":"","site-post-title":"disabled","ast-breadcrumbs-content":"","ast-featured-img":"disabled","footer-sml-layout":"","ast-disable-related-posts":"","theme-transparent-header-meta":"","adv-header-id-meta":"","stick-header-meta":"","header-above-stick-meta":"","header-main-stick-meta":"","header-below-stick-meta":"","astra-migrate-meta-layouts":"default","ast-page-background-enabled":"default","ast-page-background-meta":{"desktop":{"background-color":"var(--ast-global-color-4)","background-image":"","background-repeat":"repeat","background-position":"center center","background-size":"auto","background-attachment":"scroll","background-type":"","background-media":"","overlay-type":"","overlay-color":"","overlay-opacity":"","overlay-gradient":""},"tablet":{"background-color":"","background-image":"","background-repeat":"repeat","background-position":"center center","background-size":"auto","background-attachment":"scroll","background-type":"","background-media":"","overlay-type":"","overlay-color":"","overlay-opacity":"","overlay-gradient":""},"mobile":{"background-color":"","background-image":"","background-repeat":"repeat","background-position":"center center","background-size":"auto","background-attachment":"scroll","background-type":"","background-media":"","overlay-type":"","overlay-color":"","overlay-opacity":"","overlay-gradient":""}},"ast-content-background-meta":{"desktop":{"background-color":"var(--ast-global-color-5)","background-image":"","background-repeat":"repeat","background-position":"center center","background-size":"auto","background-attachment":"scroll","background-type":"","background-media":"","overlay-type":"","overlay-color":"","overlay-opacity":"","overlay-gradient":""},"tablet":{"background-color":"var(--ast-global-color-5)","background-image":"","background-repeat":"repeat","background-position":"center center","background-size":"auto","background-attachment":"scroll","background-type":"","background-media":"","overlay-type":"","overlay-color":"","overlay-opacity":"","overlay-gradient":""},"mobile":{"background-color":"var(--ast-global-color-5)","background-image":"","background-repeat":"repeat","background-position":"center center","background-size":"auto","background-attachment":"scroll","background-type":"","background-media":"","overlay-type":"","overlay-color":"","overlay-opacity":"","overlay-gradient":""}},"_joinchat":[],"footnotes":""},"class_list":["post-966","page","type-page","status-publish","hentry"],"_links":{"self":[{"href":"https:\/\/dicarocaprisandals.com\/de\/wp-json\/wp\/v2\/pages\/966","targetHints":{"allow":["GET"]}}],"collection":[{"href":"https:\/\/dicarocaprisandals.com\/de\/wp-json\/wp\/v2\/pages"}],"about":[{"href":"https:\/\/dicarocaprisandals.com\/de\/wp-json\/wp\/v2\/types\/page"}],"author":[{"embeddable":true,"href":"https:\/\/dicarocaprisandals.com\/de\/wp-json\/wp\/v2\/users\/1"}],"replies":[{"embeddable":true,"href":"https:\/\/dicarocaprisandals.com\/de\/wp-json\/wp\/v2\/comments?post=966"}],"version-history":[{"count":83,"href":"https:\/\/dicarocaprisandals.com\/de\/wp-json\/wp\/v2\/pages\/966\/revisions"}],"predecessor-version":[{"id":3412,"href":"https:\/\/dicarocaprisandals.com\/de\/wp-json\/wp\/v2\/pages\/966\/revisions\/3412"}],"wp:attachment":[{"href":"https:\/\/dicarocaprisandals.com\/de\/wp-json\/wp\/v2\/media?parent=966"}],"curies":[{"name":"wp","href":"https:\/\/api.w.org\/{rel}","templated":true}]}}